{"id":771,"date":"2012-10-10T20:06:50","date_gmt":"2012-10-10T20:06:50","guid":{"rendered":"http:\/\/www.hvar-dubovica.com\/home-page-2\/"},"modified":"2013-01-20T09:52:13","modified_gmt":"2013-01-20T08:52:13","slug":"home-page","status":"publish","type":"page","link":"https:\/\/www.hvar-dubovica.com\/hr\/","title":{"rendered":"Po\u010detna"},"content":{"rendered":"","protected":false},"excerpt":{"rendered":"","protected":false},"author":1,"featured_media":0,"parent":0,"menu_order":0,"comment_status":"open","ping_status":"open","template":"template-front.php","meta":{"footnotes":""},"class_list":["post-771","page","type-page","status-publish","hentry"],"yoast_head":"<!-- This site is optimized with the Yoast SEO plugin v26.9 - https:\/\/yoast.com\/product\/yoast-seo-wordpress\/ -->\n<title>Villa Benedeta, Dubovica | Otok Hvar<\/title>\n<meta name=\"description\" content=\"Villa Benedeta je obiteljska ku\u0107a obitelji Kolumbi\u0107. Villa potje\u0107e iz 19. stolje\u010da a u posljednjih par godina izvr\u0161ena je potpuna rekonstrukcija i adaptacija.\" \/>\n<meta name=\"robots\" content=\"index, follow, max-snippet:-1, max-image-preview:large, max-video-preview:-1\" \/>\n<link rel=\"canonical\" href=\"https:\/\/www.hvar-dubovica.com\/hr\/\" \/>\n<meta property=\"og:locale\" content=\"hr_HR\" \/>\n<meta property=\"og:type\" content=\"article\" \/>\n<meta property=\"og:title\" content=\"Villa Benedeta, Dubovica | Otok Hvar\" \/>\n<meta property=\"og:description\" content=\"Villa Benedeta je obiteljska ku\u0107a obitelji Kolumbi\u0107. Villa potje\u0107e iz 19. stolje\u010da a u posljednjih par godina izvr\u0161ena je potpuna rekonstrukcija i adaptacija.\" \/>\n<meta property=\"og:url\" content=\"https:\/\/www.hvar-dubovica.com\/hr\/\" \/>\n<meta property=\"article:modified_time\" content=\"2013-01-20T08:52:13+00:00\" \/>\n<script type=\"application\/ld+json\" class=\"yoast-schema-graph\">{\"@context\":\"https:\/\/schema.org\",\"@graph\":[{\"@type\":\"WebPage\",\"@id\":\"https:\/\/www.hvar-dubovica.com\/hr\/\",\"url\":\"https:\/\/www.hvar-dubovica.com\/hr\/\",\"name\":\"Villa Benedeta, Dubovica | Otok Hvar\",\"isPartOf\":{\"@id\":\"https:\/\/www.hvar-dubovica.com\/#website\"},\"datePublished\":\"2012-10-10T20:06:50+00:00\",\"dateModified\":\"2013-01-20T08:52:13+00:00\",\"description\":\"Villa Benedeta je obiteljska ku\u0107a obitelji Kolumbi\u0107. Villa potje\u0107e iz 19. stolje\u010da a u posljednjih par godina izvr\u0161ena je potpuna rekonstrukcija i adaptacija.\",\"breadcrumb\":{\"@id\":\"https:\/\/www.hvar-dubovica.com\/hr\/#breadcrumb\"},\"inLanguage\":\"hr\",\"potentialAction\":[{\"@type\":\"ReadAction\",\"target\":[\"https:\/\/www.hvar-dubovica.com\/hr\/\"]}]},{\"@type\":\"BreadcrumbList\",\"@id\":\"https:\/\/www.hvar-dubovica.com\/hr\/#breadcrumb\",\"itemListElement\":[{\"@type\":\"ListItem\",\"position\":1,\"name\":\"Home\",\"item\":\"https:\/\/www.hvar-dubovica.com\/hr\/\"},{\"@type\":\"ListItem\",\"position\":2,\"name\":\"Po\u010detna\"}]},{\"@type\":\"WebSite\",\"@id\":\"https:\/\/www.hvar-dubovica.com\/#website\",\"url\":\"https:\/\/www.hvar-dubovica.com\/\",\"name\":\"\",\"description\":\"Villa Kolumbi\u0107, Dubovica Island Hvar\",\"potentialAction\":[{\"@type\":\"SearchAction\",\"target\":{\"@type\":\"EntryPoint\",\"urlTemplate\":\"https:\/\/www.hvar-dubovica.com\/?s={search_term_string}\"},\"query-input\":{\"@type\":\"PropertyValueSpecification\",\"valueRequired\":true,\"valueName\":\"search_term_string\"}}],\"inLanguage\":\"hr\"}]}<\/script>\n<!-- \/ Yoast SEO plugin. -->","yoast_head_json":{"title":"Villa Benedeta, Dubovica | Otok Hvar","description":"Villa Benedeta je obiteljska ku\u0107a obitelji Kolumbi\u0107. Villa potje\u0107e iz 19. stolje\u010da a u posljednjih par godina izvr\u0161ena je potpuna rekonstrukcija i adaptacija.","robots":{"index":"index","follow":"follow","max-snippet":"max-snippet:-1","max-image-preview":"max-image-preview:large","max-video-preview":"max-video-preview:-1"},"canonical":"https:\/\/www.hvar-dubovica.com\/hr\/","og_locale":"hr_HR","og_type":"article","og_title":"Villa Benedeta, Dubovica | Otok Hvar","og_description":"Villa Benedeta je obiteljska ku\u0107a obitelji Kolumbi\u0107. Villa potje\u0107e iz 19. stolje\u010da a u posljednjih par godina izvr\u0161ena je potpuna rekonstrukcija i adaptacija.","og_url":"https:\/\/www.hvar-dubovica.com\/hr\/","article_modified_time":"2013-01-20T08:52:13+00:00","schema":{"@context":"https:\/\/schema.org","@graph":[{"@type":"WebPage","@id":"https:\/\/www.hvar-dubovica.com\/hr\/","url":"https:\/\/www.hvar-dubovica.com\/hr\/","name":"Villa Benedeta, Dubovica | Otok Hvar","isPartOf":{"@id":"https:\/\/www.hvar-dubovica.com\/#website"},"datePublished":"2012-10-10T20:06:50+00:00","dateModified":"2013-01-20T08:52:13+00:00","description":"Villa Benedeta je obiteljska ku\u0107a obitelji Kolumbi\u0107. Villa potje\u0107e iz 19. stolje\u010da a u posljednjih par godina izvr\u0161ena je potpuna rekonstrukcija i adaptacija.","breadcrumb":{"@id":"https:\/\/www.hvar-dubovica.com\/hr\/#breadcrumb"},"inLanguage":"hr","potentialAction":[{"@type":"ReadAction","target":["https:\/\/www.hvar-dubovica.com\/hr\/"]}]},{"@type":"BreadcrumbList","@id":"https:\/\/www.hvar-dubovica.com\/hr\/#breadcrumb","itemListElement":[{"@type":"ListItem","position":1,"name":"Home","item":"https:\/\/www.hvar-dubovica.com\/hr\/"},{"@type":"ListItem","position":2,"name":"Po\u010detna"}]},{"@type":"WebSite","@id":"https:\/\/www.hvar-dubovica.com\/#website","url":"https:\/\/www.hvar-dubovica.com\/","name":"","description":"Villa Kolumbi\u0107, Dubovica Island Hvar","potentialAction":[{"@type":"SearchAction","target":{"@type":"EntryPoint","urlTemplate":"https:\/\/www.hvar-dubovica.com\/?s={search_term_string}"},"query-input":{"@type":"PropertyValueSpecification","valueRequired":true,"valueName":"search_term_string"}}],"inLanguage":"hr"}]}},"_links":{"self":[{"href":"https:\/\/www.hvar-dubovica.com\/hr\/wp-json\/wp\/v2\/pages\/771","targetHints":{"allow":["GET"]}}],"collection":[{"href":"https:\/\/www.hvar-dubovica.com\/hr\/wp-json\/wp\/v2\/pages"}],"about":[{"href":"https:\/\/www.hvar-dubovica.com\/hr\/wp-json\/wp\/v2\/types\/page"}],"author":[{"embeddable":true,"href":"https:\/\/www.hvar-dubovica.com\/hr\/wp-json\/wp\/v2\/users\/1"}],"replies":[{"embeddable":true,"href":"https:\/\/www.hvar-dubovica.com\/hr\/wp-json\/wp\/v2\/comments?post=771"}],"version-history":[{"count":2,"href":"https:\/\/www.hvar-dubovica.com\/hr\/wp-json\/wp\/v2\/pages\/771\/revisions"}],"predecessor-version":[{"id":772,"href":"https:\/\/www.hvar-dubovica.com\/hr\/wp-json\/wp\/v2\/pages\/771\/revisions\/772"}],"wp:attachment":[{"href":"https:\/\/www.hvar-dubovica.com\/hr\/wp-json\/wp\/v2\/media?parent=771"}],"curies":[{"name":"wp","href":"https:\/\/api.w.org\/{rel}","templated":true}]}}