{"id":784,"date":"2012-10-09T14:34:56","date_gmt":"2012-10-09T12:34:56","guid":{"rendered":"http:\/\/www.hvar-dubovica.com\/bay-dubovica-2\/"},"modified":"2013-01-20T10:20:53","modified_gmt":"2013-01-20T09:20:53","slug":"uvala-dubovica","status":"publish","type":"page","link":"https:\/\/www.hvar-dubovica.com\/hr\/uvala-dubovica\/","title":{"rendered":"Uvala Dubovica"},"content":{"rendered":"<p>Slikovita uvala Dubovica smjestila se na ju\u017enom dijelu otoka Hvara izme\u0111u grada Hvara i Starog Grada. Predivna pla\u017ea u obliku polumjeseca duga\u010dka 150 metara prekrivena je finim \u0161ljun\u010danim \u017ealom. More je kristalno \u010disto i te\u0161ko da \u0107ete odoliti a da se odmah ne okupate i zaplivate.<a href=\"https:\/\/www.hvar-dubovica.com\/wp-content\/uploads\/2012\/10\/Dubovica-beach-island-Hvar-001.jpg\" rel=\"fancybox[784]\"><img loading=\"lazy\" decoding=\"async\" class=\"wp-image-467 alignnone\" title=\"Uvala Dubovica, otok Hvar\" src=\"https:\/\/www.hvar-dubovica.com\/wp-content\/uploads\/2012\/10\/Dubovica-beach-island-Hvar-001.jpg\" alt=\"Uvala Dubovica, otok Hvar\" width=\"630\" height=\"380\" srcset=\"https:\/\/www.hvar-dubovica.com\/wp-content\/uploads\/2012\/10\/Dubovica-beach-island-Hvar-001.jpg 1050w, https:\/\/www.hvar-dubovica.com\/wp-content\/uploads\/2012\/10\/Dubovica-beach-island-Hvar-001-300x181.jpg 300w, https:\/\/www.hvar-dubovica.com\/wp-content\/uploads\/2012\/10\/Dubovica-beach-island-Hvar-001-1024x618.jpg 1024w\" sizes=\"auto, (max-width: 630px) 100vw, 630px\" \/><\/a><a href=\"https:\/\/www.hvar-dubovica.com\/wp-content\/uploads\/2012\/10\/Dubovica-bay-island-Hvar-002.jpg\" rel=\"fancybox[784]\"><img loading=\"lazy\" decoding=\"async\" class=\"alignnone  wp-image-565\" title=\"Ljetnikovac obitelji Kasandri\u0107 u uvali Dubovica\" src=\"https:\/\/www.hvar-dubovica.com\/wp-content\/uploads\/2012\/10\/Dubovica-bay-island-Hvar-002.jpg\" alt=\"Ljetnikovac obitelji Kasandri\u0107 u uvali Dubovica\" width=\"630\" height=\"380\" srcset=\"https:\/\/www.hvar-dubovica.com\/wp-content\/uploads\/2012\/10\/Dubovica-bay-island-Hvar-002.jpg 1050w, https:\/\/www.hvar-dubovica.com\/wp-content\/uploads\/2012\/10\/Dubovica-bay-island-Hvar-002-300x181.jpg 300w, https:\/\/www.hvar-dubovica.com\/wp-content\/uploads\/2012\/10\/Dubovica-bay-island-Hvar-002-1024x618.jpg 1024w\" sizes=\"auto, (max-width: 630px) 100vw, 630px\" \/><\/a><a href=\"https:\/\/www.hvar-dubovica.com\/wp-content\/uploads\/2012\/10\/Dubovica-bay-island-Hvar-003.jpg\" rel=\"fancybox[784]\"><img loading=\"lazy\" decoding=\"async\" class=\"alignnone  wp-image-568\" title=\"Uvala Dubovica na otoku Hvaru\" src=\"https:\/\/www.hvar-dubovica.com\/wp-content\/uploads\/2012\/10\/Dubovica-bay-island-Hvar-003.jpg\" alt=\"Uvala Dubovica na otoku Hvaru\" width=\"630\" height=\"380\" srcset=\"https:\/\/www.hvar-dubovica.com\/wp-content\/uploads\/2012\/10\/Dubovica-bay-island-Hvar-003.jpg 1050w, https:\/\/www.hvar-dubovica.com\/wp-content\/uploads\/2012\/10\/Dubovica-bay-island-Hvar-003-300x181.jpg 300w, https:\/\/www.hvar-dubovica.com\/wp-content\/uploads\/2012\/10\/Dubovica-bay-island-Hvar-003-1024x618.jpg 1024w\" sizes=\"auto, (max-width: 630px) 100vw, 630px\" \/><\/a><a href=\"https:\/\/www.hvar-dubovica.com\/wp-content\/uploads\/2012\/10\/Dubovica-bay-island-Hvar-004.jpg\" rel=\"fancybox[784]\"><img loading=\"lazy\" decoding=\"async\" class=\"alignnone  wp-image-571\" title=\"Pla\u017ea Dubovica na otoku Hvaru\" src=\"https:\/\/www.hvar-dubovica.com\/wp-content\/uploads\/2012\/10\/Dubovica-bay-island-Hvar-004.jpg\" alt=\"Pla\u017ea Dubovica na otoku Hvaru\" width=\"630\" height=\"380\" srcset=\"https:\/\/www.hvar-dubovica.com\/wp-content\/uploads\/2012\/10\/Dubovica-bay-island-Hvar-004.jpg 1050w, https:\/\/www.hvar-dubovica.com\/wp-content\/uploads\/2012\/10\/Dubovica-bay-island-Hvar-004-300x181.jpg 300w, https:\/\/www.hvar-dubovica.com\/wp-content\/uploads\/2012\/10\/Dubovica-bay-island-Hvar-004-1024x618.jpg 1024w\" sizes=\"auto, (max-width: 630px) 100vw, 630px\" \/><\/a><a href=\"https:\/\/www.hvar-dubovica.com\/wp-content\/uploads\/2012\/10\/Dubovica-bay-island-Hvar-005.jpg\" rel=\"fancybox[784]\"><img loading=\"lazy\" decoding=\"async\" class=\"alignnone  wp-image-574\" title=\"Villa Benedeta u uvali Dubovica\" src=\"https:\/\/www.hvar-dubovica.com\/wp-content\/uploads\/2012\/10\/Dubovica-bay-island-Hvar-005.jpg\" alt=\"Villa Benedeta u uvali Dubovica\" width=\"630\" height=\"380\" srcset=\"https:\/\/www.hvar-dubovica.com\/wp-content\/uploads\/2012\/10\/Dubovica-bay-island-Hvar-005.jpg 1050w, https:\/\/www.hvar-dubovica.com\/wp-content\/uploads\/2012\/10\/Dubovica-bay-island-Hvar-005-300x181.jpg 300w, https:\/\/www.hvar-dubovica.com\/wp-content\/uploads\/2012\/10\/Dubovica-bay-island-Hvar-005-1024x618.jpg 1024w\" sizes=\"auto, (max-width: 630px) 100vw, 630px\" \/><\/a>Ako dolazite autom iz Starog Grada prema Hvaru, neposredno nakon tunela nalazi se pro\u0161irenje na lijevoj strani ceste na kojem se mo\u017eete parkirati. Odatle do pla\u017ee vodi mali strmi put. <a title=\"Villa Benedeta\" href=\"https:\/\/www.hvar-dubovica.com\/villa-benedeta\/\"><strong>Welcome to Villa Benedeta!<\/strong><\/a> <!-- Social Ring Buttons Start --><div class=\"social-ring\">\n<div class=\"social-ring-button\"><fb:like href=\"https:\/\/www.hvar-dubovica.com\/hr\/uvala-dubovica\/\" showfaces=\"false\" layout=\"button_count\" action=\"like\"><\/fb:like><\/div>\n<div class=\"social-ring-button\"><a href=\"https:\/\/www.facebook.com\/sharer\/sharer.php?s=100&p[url]=https:\/\/www.hvar-dubovica.com\/hr\/uvala-dubovica\/\" target=\"_blank\"\n\t\t\t\t\t\t\tonclick=\"window.open('https:\/\/www.facebook.com\/sharer\/sharer.php?s=100&p[url]=https:\/\/www.hvar-dubovica.com\/hr\/uvala-dubovica\/', 'newwindow', 'width=600, height=450'); return false;\" >\n\t\t\t\t\t\t\t<img decoding=\"async\" style=\"display:block; background: none; padding: 0px; border:0px;\" src=\"https:\/\/www.hvar-dubovica.com\/wp-content\/plugins\/wordpress-social-ring\/includes\/..\/admin\/images\/sr-fb-share.png\" alt=\"Share\"\/>\n\t\t\t\t\t\t<\/a><\/div>\n<div class=\"social-ring-button\"><a rel=\"nofollow\" href=\"http:\/\/twitter.com\/share\" lang=\"en\" data-url=\"https:\/\/www.hvar-dubovica.com\/hr\/uvala-dubovica\/\" data-text=\"Uvala Dubovica\" data-count=\"horizontal\" class=\"sr-twitter-button twitter-share-button\"><\/a><\/div>\n<div class=\"social-ring-button\"><div class=\"g-plusone\" data-href=\"https:\/\/www.hvar-dubovica.com\/hr\/uvala-dubovica\/\" data-size=\"medium\" ><\/div><\/div>\n<div class=\"social-ring-button\"><a rel=\"nofollow\" href=\"http:\/\/pinterest.com\/pin\/create\/button\/?url=https%3A%2F%2Fwww.hvar-dubovica.com%2Fhr%2Fuvala-dubovica%2F&media=https%3A%2F%2Fwww.hvar-dubovica.com%2Fwp-content%2Fuploads%2F2012%2F10%2FDubovica-beach-island-Hvar-001.jpg&description=Uvala+Dubovica\" class=\"pin-it-button\"count-layout=\"horizontal\"><\/a><\/div>\n<\/div><!-- Social Ring Buttons End -->\n<\/p>\n","protected":false},"excerpt":{"rendered":"<p>Slikovita uvala Dubovica smjestila se na ju\u017enom dijelu otoka Hvara izme\u0111u grada Hvara i Starog Grada. Predivna pla\u017ea u obliku polumjeseca duga\u010dka 150 metara prekrivena je finim \u0161ljun\u010danim \u017ealom. More je kristalno \u010disto i&#8230;<\/p>\n","protected":false},"author":1,"featured_media":467,"parent":0,"menu_order":0,"comment_status":"closed","ping_status":"closed","template":"","meta":{"footnotes":""},"class_list":["post-784","page","type-page","status-publish","has-post-thumbnail","hentry"],"yoast_head":"<!-- This site is optimized with the Yoast SEO plugin v26.9 - https:\/\/yoast.com\/product\/yoast-seo-wordpress\/ -->\n<title>Dubovica, Otok Hvar | Villa Benedeta<\/title>\n<meta name=\"description\" content=\"Slikovita uvala Dubovica smjestila se na ju\u017enom dijelu otoka Hvara izme\u0111u grada Hvara i Starog Grada. Predivna pla\u017ea u obliku polumjeseca duga\u010dka 150 metara prekrivena je finim \u0161ljun\u010danim \u017ealom.\" \/>\n<meta name=\"robots\" content=\"index, follow, max-snippet:-1, max-image-preview:large, max-video-preview:-1\" \/>\n<link rel=\"canonical\" href=\"https:\/\/www.hvar-dubovica.com\/hr\/uvala-dubovica\/\" \/>\n<meta property=\"og:locale\" content=\"hr_HR\" \/>\n<meta property=\"og:type\" content=\"article\" \/>\n<meta property=\"og:title\" content=\"Dubovica, Otok Hvar | Villa Benedeta\" \/>\n<meta property=\"og:description\" content=\"Slikovita uvala Dubovica smjestila se na ju\u017enom dijelu otoka Hvara izme\u0111u grada Hvara i Starog Grada. Predivna pla\u017ea u obliku polumjeseca duga\u010dka 150 metara prekrivena je finim \u0161ljun\u010danim \u017ealom.\" \/>\n<meta property=\"og:url\" content=\"https:\/\/www.hvar-dubovica.com\/hr\/uvala-dubovica\/\" \/>\n<meta property=\"article:modified_time\" content=\"2013-01-20T09:20:53+00:00\" \/>\n<meta property=\"og:image\" content=\"https:\/\/www.hvar-dubovica.com\/wp-content\/uploads\/2012\/10\/Dubovica-beach-island-Hvar-001.jpg\" \/>\n\t<meta property=\"og:image:width\" content=\"1050\" \/>\n\t<meta property=\"og:image:height\" content=\"634\" \/>\n\t<meta property=\"og:image:type\" content=\"image\/jpeg\" \/>\n<script type=\"application\/ld+json\" class=\"yoast-schema-graph\">{\"@context\":\"https:\/\/schema.org\",\"@graph\":[{\"@type\":\"WebPage\",\"@id\":\"https:\/\/www.hvar-dubovica.com\/hr\/uvala-dubovica\/\",\"url\":\"https:\/\/www.hvar-dubovica.com\/hr\/uvala-dubovica\/\",\"name\":\"Dubovica, Otok Hvar | Villa Benedeta\",\"isPartOf\":{\"@id\":\"https:\/\/www.hvar-dubovica.com\/#website\"},\"primaryImageOfPage\":{\"@id\":\"https:\/\/www.hvar-dubovica.com\/hr\/uvala-dubovica\/#primaryimage\"},\"image\":{\"@id\":\"https:\/\/www.hvar-dubovica.com\/hr\/uvala-dubovica\/#primaryimage\"},\"thumbnailUrl\":\"https:\/\/www.hvar-dubovica.com\/wp-content\/uploads\/2012\/10\/Dubovica-beach-island-Hvar-001.jpg\",\"datePublished\":\"2012-10-09T12:34:56+00:00\",\"dateModified\":\"2013-01-20T09:20:53+00:00\",\"description\":\"Slikovita uvala Dubovica smjestila se na ju\u017enom dijelu otoka Hvara izme\u0111u grada Hvara i Starog Grada. Predivna pla\u017ea u obliku polumjeseca duga\u010dka 150 metara prekrivena je finim \u0161ljun\u010danim \u017ealom.\",\"breadcrumb\":{\"@id\":\"https:\/\/www.hvar-dubovica.com\/hr\/uvala-dubovica\/#breadcrumb\"},\"inLanguage\":\"hr\",\"potentialAction\":[{\"@type\":\"ReadAction\",\"target\":[\"https:\/\/www.hvar-dubovica.com\/hr\/uvala-dubovica\/\"]}]},{\"@type\":\"ImageObject\",\"inLanguage\":\"hr\",\"@id\":\"https:\/\/www.hvar-dubovica.com\/hr\/uvala-dubovica\/#primaryimage\",\"url\":\"https:\/\/www.hvar-dubovica.com\/wp-content\/uploads\/2012\/10\/Dubovica-beach-island-Hvar-001.jpg\",\"contentUrl\":\"https:\/\/www.hvar-dubovica.com\/wp-content\/uploads\/2012\/10\/Dubovica-beach-island-Hvar-001.jpg\",\"width\":\"1050\",\"height\":\"634\"},{\"@type\":\"BreadcrumbList\",\"@id\":\"https:\/\/www.hvar-dubovica.com\/hr\/uvala-dubovica\/#breadcrumb\",\"itemListElement\":[{\"@type\":\"ListItem\",\"position\":1,\"name\":\"Home\",\"item\":\"https:\/\/www.hvar-dubovica.com\/hr\/\"},{\"@type\":\"ListItem\",\"position\":2,\"name\":\"Uvala Dubovica\"}]},{\"@type\":\"WebSite\",\"@id\":\"https:\/\/www.hvar-dubovica.com\/#website\",\"url\":\"https:\/\/www.hvar-dubovica.com\/\",\"name\":\"\",\"description\":\"Villa Kolumbi\u0107, Dubovica Island Hvar\",\"potentialAction\":[{\"@type\":\"SearchAction\",\"target\":{\"@type\":\"EntryPoint\",\"urlTemplate\":\"https:\/\/www.hvar-dubovica.com\/?s={search_term_string}\"},\"query-input\":{\"@type\":\"PropertyValueSpecification\",\"valueRequired\":true,\"valueName\":\"search_term_string\"}}],\"inLanguage\":\"hr\"}]}<\/script>\n<!-- \/ Yoast SEO plugin. -->","yoast_head_json":{"title":"Dubovica, Otok Hvar | Villa Benedeta","description":"Slikovita uvala Dubovica smjestila se na ju\u017enom dijelu otoka Hvara izme\u0111u grada Hvara i Starog Grada. Predivna pla\u017ea u obliku polumjeseca duga\u010dka 150 metara prekrivena je finim \u0161ljun\u010danim \u017ealom.","robots":{"index":"index","follow":"follow","max-snippet":"max-snippet:-1","max-image-preview":"max-image-preview:large","max-video-preview":"max-video-preview:-1"},"canonical":"https:\/\/www.hvar-dubovica.com\/hr\/uvala-dubovica\/","og_locale":"hr_HR","og_type":"article","og_title":"Dubovica, Otok Hvar | Villa Benedeta","og_description":"Slikovita uvala Dubovica smjestila se na ju\u017enom dijelu otoka Hvara izme\u0111u grada Hvara i Starog Grada. Predivna pla\u017ea u obliku polumjeseca duga\u010dka 150 metara prekrivena je finim \u0161ljun\u010danim \u017ealom.","og_url":"https:\/\/www.hvar-dubovica.com\/hr\/uvala-dubovica\/","article_modified_time":"2013-01-20T09:20:53+00:00","og_image":[{"width":1050,"height":634,"url":"https:\/\/www.hvar-dubovica.com\/wp-content\/uploads\/2012\/10\/Dubovica-beach-island-Hvar-001.jpg","type":"image\/jpeg"}],"schema":{"@context":"https:\/\/schema.org","@graph":[{"@type":"WebPage","@id":"https:\/\/www.hvar-dubovica.com\/hr\/uvala-dubovica\/","url":"https:\/\/www.hvar-dubovica.com\/hr\/uvala-dubovica\/","name":"Dubovica, Otok Hvar | Villa Benedeta","isPartOf":{"@id":"https:\/\/www.hvar-dubovica.com\/#website"},"primaryImageOfPage":{"@id":"https:\/\/www.hvar-dubovica.com\/hr\/uvala-dubovica\/#primaryimage"},"image":{"@id":"https:\/\/www.hvar-dubovica.com\/hr\/uvala-dubovica\/#primaryimage"},"thumbnailUrl":"https:\/\/www.hvar-dubovica.com\/wp-content\/uploads\/2012\/10\/Dubovica-beach-island-Hvar-001.jpg","datePublished":"2012-10-09T12:34:56+00:00","dateModified":"2013-01-20T09:20:53+00:00","description":"Slikovita uvala Dubovica smjestila se na ju\u017enom dijelu otoka Hvara izme\u0111u grada Hvara i Starog Grada. Predivna pla\u017ea u obliku polumjeseca duga\u010dka 150 metara prekrivena je finim \u0161ljun\u010danim \u017ealom.","breadcrumb":{"@id":"https:\/\/www.hvar-dubovica.com\/hr\/uvala-dubovica\/#breadcrumb"},"inLanguage":"hr","potentialAction":[{"@type":"ReadAction","target":["https:\/\/www.hvar-dubovica.com\/hr\/uvala-dubovica\/"]}]},{"@type":"ImageObject","inLanguage":"hr","@id":"https:\/\/www.hvar-dubovica.com\/hr\/uvala-dubovica\/#primaryimage","url":"https:\/\/www.hvar-dubovica.com\/wp-content\/uploads\/2012\/10\/Dubovica-beach-island-Hvar-001.jpg","contentUrl":"https:\/\/www.hvar-dubovica.com\/wp-content\/uploads\/2012\/10\/Dubovica-beach-island-Hvar-001.jpg","width":"1050","height":"634"},{"@type":"BreadcrumbList","@id":"https:\/\/www.hvar-dubovica.com\/hr\/uvala-dubovica\/#breadcrumb","itemListElement":[{"@type":"ListItem","position":1,"name":"Home","item":"https:\/\/www.hvar-dubovica.com\/hr\/"},{"@type":"ListItem","position":2,"name":"Uvala Dubovica"}]},{"@type":"WebSite","@id":"https:\/\/www.hvar-dubovica.com\/#website","url":"https:\/\/www.hvar-dubovica.com\/","name":"","description":"Villa Kolumbi\u0107, Dubovica Island Hvar","potentialAction":[{"@type":"SearchAction","target":{"@type":"EntryPoint","urlTemplate":"https:\/\/www.hvar-dubovica.com\/?s={search_term_string}"},"query-input":{"@type":"PropertyValueSpecification","valueRequired":true,"valueName":"search_term_string"}}],"inLanguage":"hr"}]}},"_links":{"self":[{"href":"https:\/\/www.hvar-dubovica.com\/hr\/wp-json\/wp\/v2\/pages\/784","targetHints":{"allow":["GET"]}}],"collection":[{"href":"https:\/\/www.hvar-dubovica.com\/hr\/wp-json\/wp\/v2\/pages"}],"about":[{"href":"https:\/\/www.hvar-dubovica.com\/hr\/wp-json\/wp\/v2\/types\/page"}],"author":[{"embeddable":true,"href":"https:\/\/www.hvar-dubovica.com\/hr\/wp-json\/wp\/v2\/users\/1"}],"replies":[{"embeddable":true,"href":"https:\/\/www.hvar-dubovica.com\/hr\/wp-json\/wp\/v2\/comments?post=784"}],"version-history":[{"count":6,"href":"https:\/\/www.hvar-dubovica.com\/hr\/wp-json\/wp\/v2\/pages\/784\/revisions"}],"predecessor-version":[{"id":791,"href":"https:\/\/www.hvar-dubovica.com\/hr\/wp-json\/wp\/v2\/pages\/784\/revisions\/791"}],"wp:featuredmedia":[{"embeddable":true,"href":"https:\/\/www.hvar-dubovica.com\/hr\/wp-json\/wp\/v2\/media\/467"}],"wp:attachment":[{"href":"https:\/\/www.hvar-dubovica.com\/hr\/wp-json\/wp\/v2\/media?parent=784"}],"curies":[{"name":"wp","href":"https:\/\/api.w.org\/{rel}","templated":true}]}}