{"id":792,"date":"2012-10-10T13:05:13","date_gmt":"2012-10-10T13:05:13","guid":{"rendered":"http:\/\/www.hvar-dubovica.com\/accommodation-2\/"},"modified":"2013-01-20T10:23:10","modified_gmt":"2013-01-20T09:23:10","slug":"smjestaj","status":"publish","type":"page","link":"https:\/\/www.hvar-dubovica.com\/hr\/smjestaj\/","title":{"rendered":"Smje\u0161taj"},"content":{"rendered":"<p>Villa Benedeta je obiteljska ku\u0107a obitelji Kolumbi\u0107. Villa potje\u0107e iz 19. stolje\u010da a u posljednjih par godina izvr\u0161ena je potpuna rekonstrukcija i adaptacija tako da je ku\u0107a opremljena i prilago\u0111ena svim modernim zahtjevima i standardima. Villa Benedeta je udaljena svega 20 metara od mora i predivne pla\u017ee od kamenih oblutaka.\u00a0\u00a0 Parkirali\u0161te za automobile se nalazi otprilike 300 metara od ku\u0107e do koje vodi puteljak kroz mirisnu Hvarsku vegetaciju. Ako se odlu\u010dite svoj odmor provesti u Villi Benedeta zasigurno \u0107ete u\u017eivati u moderno opremljenim apartmanima i predivnom ambijentu koji pru\u017ea uvala Dubovica. Obitelj Kolumbi\u0107 njeguje tradiciju vinogradarstva tako da mo\u017eete u\u017eivati i u vinima ku\u0107ne vinoteke. Dobro do\u0161li u Vilu Benedeta!<\/p>\n","protected":false},"excerpt":{"rendered":"<p>Villa Benedeta je obiteljska ku\u0107a obitelji Kolumbi\u0107. Villa potje\u0107e iz 19. stolje\u010da a u posljednjih par godina izvr\u0161ena je potpuna rekonstrukcija i adaptacija tako da je ku\u0107a opremljena i prilago\u0111ena svim modernim zahtjevima i&#8230;<\/p>\n","protected":false},"author":1,"featured_media":243,"parent":0,"menu_order":0,"comment_status":"closed","ping_status":"closed","template":"template-rooms-2cols.php","meta":{"footnotes":""},"class_list":["post-792","page","type-page","status-publish","has-post-thumbnail","hentry"],"yoast_head":"<!-- This site is optimized with the Yoast SEO plugin v26.9 - https:\/\/yoast.com\/product\/yoast-seo-wordpress\/ -->\n<title>Villa Benedeta, Dubovica - Otok Hvar<\/title>\n<meta name=\"description\" content=\"Villa Benedeta je obiteljska ku\u0107a obitelji Kolumbi\u0107. Villa potje\u0107e iz 19. stolje\u010da a u posljednjih par godina izvr\u0161ena je potpuna rekonstrukcija i adaptacija tako da je ku\u0107a opremljena i prilago\u0111ena svim modernim zahtjevima i standardima.\" \/>\n<meta name=\"robots\" content=\"index, follow, max-snippet:-1, max-image-preview:large, max-video-preview:-1\" \/>\n<link rel=\"canonical\" href=\"https:\/\/www.hvar-dubovica.com\/hr\/smjestaj\/\" \/>\n<meta property=\"og:locale\" content=\"hr_HR\" \/>\n<meta property=\"og:type\" content=\"article\" \/>\n<meta property=\"og:title\" content=\"Villa Benedeta, Dubovica - Otok Hvar\" \/>\n<meta property=\"og:description\" content=\"Villa Benedeta je obiteljska ku\u0107a obitelji Kolumbi\u0107. Villa potje\u0107e iz 19. stolje\u010da a u posljednjih par godina izvr\u0161ena je potpuna rekonstrukcija i adaptacija tako da je ku\u0107a opremljena i prilago\u0111ena svim modernim zahtjevima i standardima.\" \/>\n<meta property=\"og:url\" content=\"https:\/\/www.hvar-dubovica.com\/hr\/smjestaj\/\" \/>\n<meta property=\"article:modified_time\" content=\"2013-01-20T09:23:10+00:00\" \/>\n<meta property=\"og:image\" content=\"https:\/\/www.hvar-dubovica.com\/wp-content\/uploads\/2012\/10\/villa-kolumbic-dubovica-002.jpg\" \/>\n\t<meta property=\"og:image:width\" content=\"920\" \/>\n\t<meta property=\"og:image:height\" content=\"603\" \/>\n\t<meta property=\"og:image:type\" content=\"image\/jpeg\" \/>\n<meta name=\"twitter:label1\" content=\"Procijenjeno vrijeme \u010ditanja\" \/>\n\t<meta name=\"twitter:data1\" content=\"1 minute\" \/>\n<script type=\"application\/ld+json\" class=\"yoast-schema-graph\">{\"@context\":\"https:\/\/schema.org\",\"@graph\":[{\"@type\":\"WebPage\",\"@id\":\"https:\/\/www.hvar-dubovica.com\/hr\/smjestaj\/\",\"url\":\"https:\/\/www.hvar-dubovica.com\/hr\/smjestaj\/\",\"name\":\"Villa Benedeta, Dubovica - Otok Hvar\",\"isPartOf\":{\"@id\":\"https:\/\/www.hvar-dubovica.com\/#website\"},\"primaryImageOfPage\":{\"@id\":\"https:\/\/www.hvar-dubovica.com\/hr\/smjestaj\/#primaryimage\"},\"image\":{\"@id\":\"https:\/\/www.hvar-dubovica.com\/hr\/smjestaj\/#primaryimage\"},\"thumbnailUrl\":\"https:\/\/www.hvar-dubovica.com\/wp-content\/uploads\/2012\/10\/villa-kolumbic-dubovica-002.jpg\",\"datePublished\":\"2012-10-10T13:05:13+00:00\",\"dateModified\":\"2013-01-20T09:23:10+00:00\",\"description\":\"Villa Benedeta je obiteljska ku\u0107a obitelji Kolumbi\u0107. Villa potje\u0107e iz 19. stolje\u010da a u posljednjih par godina izvr\u0161ena je potpuna rekonstrukcija i adaptacija tako da je ku\u0107a opremljena i prilago\u0111ena svim modernim zahtjevima i standardima.\",\"breadcrumb\":{\"@id\":\"https:\/\/www.hvar-dubovica.com\/hr\/smjestaj\/#breadcrumb\"},\"inLanguage\":\"hr\",\"potentialAction\":[{\"@type\":\"ReadAction\",\"target\":[\"https:\/\/www.hvar-dubovica.com\/hr\/smjestaj\/\"]}]},{\"@type\":\"ImageObject\",\"inLanguage\":\"hr\",\"@id\":\"https:\/\/www.hvar-dubovica.com\/hr\/smjestaj\/#primaryimage\",\"url\":\"https:\/\/www.hvar-dubovica.com\/wp-content\/uploads\/2012\/10\/villa-kolumbic-dubovica-002.jpg\",\"contentUrl\":\"https:\/\/www.hvar-dubovica.com\/wp-content\/uploads\/2012\/10\/villa-kolumbic-dubovica-002.jpg\",\"width\":\"920\",\"height\":\"603\"},{\"@type\":\"BreadcrumbList\",\"@id\":\"https:\/\/www.hvar-dubovica.com\/hr\/smjestaj\/#breadcrumb\",\"itemListElement\":[{\"@type\":\"ListItem\",\"position\":1,\"name\":\"Home\",\"item\":\"https:\/\/www.hvar-dubovica.com\/hr\/\"},{\"@type\":\"ListItem\",\"position\":2,\"name\":\"Smje\u0161taj\"}]},{\"@type\":\"WebSite\",\"@id\":\"https:\/\/www.hvar-dubovica.com\/#website\",\"url\":\"https:\/\/www.hvar-dubovica.com\/\",\"name\":\"\",\"description\":\"Villa Kolumbi\u0107, Dubovica Island Hvar\",\"potentialAction\":[{\"@type\":\"SearchAction\",\"target\":{\"@type\":\"EntryPoint\",\"urlTemplate\":\"https:\/\/www.hvar-dubovica.com\/?s={search_term_string}\"},\"query-input\":{\"@type\":\"PropertyValueSpecification\",\"valueRequired\":true,\"valueName\":\"search_term_string\"}}],\"inLanguage\":\"hr\"}]}<\/script>\n<!-- \/ Yoast SEO plugin. -->","yoast_head_json":{"title":"Villa Benedeta, Dubovica - Otok Hvar","description":"Villa Benedeta je obiteljska ku\u0107a obitelji Kolumbi\u0107. Villa potje\u0107e iz 19. stolje\u010da a u posljednjih par godina izvr\u0161ena je potpuna rekonstrukcija i adaptacija tako da je ku\u0107a opremljena i prilago\u0111ena svim modernim zahtjevima i standardima.","robots":{"index":"index","follow":"follow","max-snippet":"max-snippet:-1","max-image-preview":"max-image-preview:large","max-video-preview":"max-video-preview:-1"},"canonical":"https:\/\/www.hvar-dubovica.com\/hr\/smjestaj\/","og_locale":"hr_HR","og_type":"article","og_title":"Villa Benedeta, Dubovica - Otok Hvar","og_description":"Villa Benedeta je obiteljska ku\u0107a obitelji Kolumbi\u0107. Villa potje\u0107e iz 19. stolje\u010da a u posljednjih par godina izvr\u0161ena je potpuna rekonstrukcija i adaptacija tako da je ku\u0107a opremljena i prilago\u0111ena svim modernim zahtjevima i standardima.","og_url":"https:\/\/www.hvar-dubovica.com\/hr\/smjestaj\/","article_modified_time":"2013-01-20T09:23:10+00:00","og_image":[{"width":920,"height":603,"url":"https:\/\/www.hvar-dubovica.com\/wp-content\/uploads\/2012\/10\/villa-kolumbic-dubovica-002.jpg","type":"image\/jpeg"}],"twitter_misc":{"Procijenjeno vrijeme \u010ditanja":"1 minute"},"schema":{"@context":"https:\/\/schema.org","@graph":[{"@type":"WebPage","@id":"https:\/\/www.hvar-dubovica.com\/hr\/smjestaj\/","url":"https:\/\/www.hvar-dubovica.com\/hr\/smjestaj\/","name":"Villa Benedeta, Dubovica - Otok Hvar","isPartOf":{"@id":"https:\/\/www.hvar-dubovica.com\/#website"},"primaryImageOfPage":{"@id":"https:\/\/www.hvar-dubovica.com\/hr\/smjestaj\/#primaryimage"},"image":{"@id":"https:\/\/www.hvar-dubovica.com\/hr\/smjestaj\/#primaryimage"},"thumbnailUrl":"https:\/\/www.hvar-dubovica.com\/wp-content\/uploads\/2012\/10\/villa-kolumbic-dubovica-002.jpg","datePublished":"2012-10-10T13:05:13+00:00","dateModified":"2013-01-20T09:23:10+00:00","description":"Villa Benedeta je obiteljska ku\u0107a obitelji Kolumbi\u0107. Villa potje\u0107e iz 19. stolje\u010da a u posljednjih par godina izvr\u0161ena je potpuna rekonstrukcija i adaptacija tako da je ku\u0107a opremljena i prilago\u0111ena svim modernim zahtjevima i standardima.","breadcrumb":{"@id":"https:\/\/www.hvar-dubovica.com\/hr\/smjestaj\/#breadcrumb"},"inLanguage":"hr","potentialAction":[{"@type":"ReadAction","target":["https:\/\/www.hvar-dubovica.com\/hr\/smjestaj\/"]}]},{"@type":"ImageObject","inLanguage":"hr","@id":"https:\/\/www.hvar-dubovica.com\/hr\/smjestaj\/#primaryimage","url":"https:\/\/www.hvar-dubovica.com\/wp-content\/uploads\/2012\/10\/villa-kolumbic-dubovica-002.jpg","contentUrl":"https:\/\/www.hvar-dubovica.com\/wp-content\/uploads\/2012\/10\/villa-kolumbic-dubovica-002.jpg","width":"920","height":"603"},{"@type":"BreadcrumbList","@id":"https:\/\/www.hvar-dubovica.com\/hr\/smjestaj\/#breadcrumb","itemListElement":[{"@type":"ListItem","position":1,"name":"Home","item":"https:\/\/www.hvar-dubovica.com\/hr\/"},{"@type":"ListItem","position":2,"name":"Smje\u0161taj"}]},{"@type":"WebSite","@id":"https:\/\/www.hvar-dubovica.com\/#website","url":"https:\/\/www.hvar-dubovica.com\/","name":"","description":"Villa Kolumbi\u0107, Dubovica Island Hvar","potentialAction":[{"@type":"SearchAction","target":{"@type":"EntryPoint","urlTemplate":"https:\/\/www.hvar-dubovica.com\/?s={search_term_string}"},"query-input":{"@type":"PropertyValueSpecification","valueRequired":true,"valueName":"search_term_string"}}],"inLanguage":"hr"}]}},"_links":{"self":[{"href":"https:\/\/www.hvar-dubovica.com\/hr\/wp-json\/wp\/v2\/pages\/792","targetHints":{"allow":["GET"]}}],"collection":[{"href":"https:\/\/www.hvar-dubovica.com\/hr\/wp-json\/wp\/v2\/pages"}],"about":[{"href":"https:\/\/www.hvar-dubovica.com\/hr\/wp-json\/wp\/v2\/types\/page"}],"author":[{"embeddable":true,"href":"https:\/\/www.hvar-dubovica.com\/hr\/wp-json\/wp\/v2\/users\/1"}],"replies":[{"embeddable":true,"href":"https:\/\/www.hvar-dubovica.com\/hr\/wp-json\/wp\/v2\/comments?post=792"}],"version-history":[{"count":1,"href":"https:\/\/www.hvar-dubovica.com\/hr\/wp-json\/wp\/v2\/pages\/792\/revisions"}],"predecessor-version":[{"id":794,"href":"https:\/\/www.hvar-dubovica.com\/hr\/wp-json\/wp\/v2\/pages\/792\/revisions\/794"}],"wp:featuredmedia":[{"embeddable":true,"href":"https:\/\/www.hvar-dubovica.com\/hr\/wp-json\/wp\/v2\/media\/243"}],"wp:attachment":[{"href":"https:\/\/www.hvar-dubovica.com\/hr\/wp-json\/wp\/v2\/media?parent=792"}],"curies":[{"name":"wp","href":"https:\/\/api.w.org\/{rel}","templated":true}]}}