{"id":798,"date":"2012-10-25T13:42:11","date_gmt":"2012-10-25T13:42:11","guid":{"rendered":"http:\/\/www.hvar-dubovica.com\/location-2\/"},"modified":"2013-01-27T10:10:52","modified_gmt":"2013-01-27T09:10:52","slug":"lokacija","status":"publish","type":"page","link":"https:\/\/www.hvar-dubovica.com\/hr\/lokacija\/","title":{"rendered":"Kako doputovati"},"content":{"rendered":"<p><div id=\"wpgmza_map\" class=\"wpgmza_map\" data-settings='{\"id\":\"1\",\"map_title\":\"Dubovica bay\",\"map_width\":\"640\",\"map_height\":\"400\",\"map_start_lat\":\"43.146911\",\"map_start_lng\":\"16.526486\",\"map_start_location\":\"43.146911201310424,16.526485714233345\",\"map_start_zoom\":\"14\",\"default_marker\":\"\",\"type\":\"3\",\"alignment\":\"1\",\"directions_enabled\":\"0\",\"styling_enabled\":\"0\",\"styling_json\":\"\",\"active\":\"0\",\"kml\":\"\",\"bicycle\":\"0\",\"traffic\":\"0\",\"dbox\":\"0\",\"dbox_width\":\"\",\"listmarkers\":\"0\",\"listmarkers_advanced\":\"0\",\"ugm_enabled\":\"0\",\"fusion\":\"\",\"map_width_type\":\"px\",\"map_height_type\":\"px\",\"mass_marker_support\":\"1\",\"filterbycat\":\"0\",\"ugm_access\":\"0\",\"order_markers_by\":\"0\",\"order_markers_choice\":\"0\",\"show_user_location\":\"0\",\"ugm_category_enabled\":\"0\",\"default_to\":\"\",\"other_settings\":{\"transport_layer\":null}}' data-map-id='1' Data-maps-engine='' data-shortcode-attributes='{\"id\":\"1\"}' style=\"display:block; overflow:auto; width:640px; height:400px; float:left;\"><\/div>\u00a0Ako dolazite autom iz Starog Grada prema Hvaru, neposredno nakon tunela nalazi se pro\u0161irenje na lijevoj strani ceste na kojem se mo\u017eete parkirati. Odatle do pla\u017ee vodi mali strmi puteljak. <a title=\"Villa Benedeta\" href=\"https:\/\/www.hvar-dubovica.com\/hr\/villa-benedeta\/\"><strong>Dobro do\u0161li u vilu Benedeta!<\/strong><\/a><a href=\"https:\/\/www.hvar-dubovica.com\/wp-content\/uploads\/2012\/10\/villa-benedeta-dubovica-hvar-002.jpg\" rel=\"fancybox[798]\"><img loading=\"lazy\" decoding=\"async\" class=\"alignnone  wp-image-669\" title=\"Villa Benedeta Dubovica, otok Hvar\" src=\"https:\/\/www.hvar-dubovica.com\/wp-content\/uploads\/2012\/10\/villa-benedeta-dubovica-hvar-002.jpg\" alt=\"Villa Benedeta Dubovica, otok Hvar\" width=\"630\" height=\"380\" srcset=\"https:\/\/www.hvar-dubovica.com\/wp-content\/uploads\/2012\/10\/villa-benedeta-dubovica-hvar-002.jpg 1050w, https:\/\/www.hvar-dubovica.com\/wp-content\/uploads\/2012\/10\/villa-benedeta-dubovica-hvar-002-300x181.jpg 300w, https:\/\/www.hvar-dubovica.com\/wp-content\/uploads\/2012\/10\/villa-benedeta-dubovica-hvar-002-1024x618.jpg 1024w\" sizes=\"auto, (max-width: 630px) 100vw, 630px\" \/><\/a><a href=\"https:\/\/www.hvar-dubovica.com\/wp-content\/uploads\/2012\/10\/Dubovica-bay-island-Hvar-0051.jpg\" rel=\"fancybox[798]\"><img loading=\"lazy\" decoding=\"async\" class=\"alignnone  wp-image-672\" title=\"Villa Benedeta Dubovica, otok Hvar\" src=\"https:\/\/www.hvar-dubovica.com\/wp-content\/uploads\/2012\/10\/Dubovica-bay-island-Hvar-0051.jpg\" alt=\"Villa Benedeta Dubovica, otok Hvar\" width=\"630\" height=\"380\" srcset=\"https:\/\/www.hvar-dubovica.com\/wp-content\/uploads\/2012\/10\/Dubovica-bay-island-Hvar-0051.jpg 1050w, https:\/\/www.hvar-dubovica.com\/wp-content\/uploads\/2012\/10\/Dubovica-bay-island-Hvar-0051-300x181.jpg 300w, https:\/\/www.hvar-dubovica.com\/wp-content\/uploads\/2012\/10\/Dubovica-bay-island-Hvar-0051-1024x618.jpg 1024w\" sizes=\"auto, (max-width: 630px) 100vw, 630px\" \/><\/a><a href=\"https:\/\/www.hvar-dubovica.com\/wp-content\/uploads\/2012\/10\/villa-benedeta-dubovica-hvar-0011.jpg\" rel=\"fancybox[798]\"><img loading=\"lazy\" decoding=\"async\" class=\"alignnone  wp-image-675\" title=\"Villa Benedeta Dubovica, otok Hvar\" src=\"https:\/\/www.hvar-dubovica.com\/wp-content\/uploads\/2012\/10\/villa-benedeta-dubovica-hvar-0011.jpg\" alt=\"Villa Benedeta Dubovica, otok Hvar\" width=\"630\" height=\"380\" srcset=\"https:\/\/www.hvar-dubovica.com\/wp-content\/uploads\/2012\/10\/villa-benedeta-dubovica-hvar-0011.jpg 1050w, https:\/\/www.hvar-dubovica.com\/wp-content\/uploads\/2012\/10\/villa-benedeta-dubovica-hvar-0011-300x181.jpg 300w, https:\/\/www.hvar-dubovica.com\/wp-content\/uploads\/2012\/10\/villa-benedeta-dubovica-hvar-0011-1024x618.jpg 1024w\" sizes=\"auto, (max-width: 630px) 100vw, 630px\" \/><\/a> Ako se odlu\u010dite provesti Va\u0161 odmor u Vili Benedeta na otoku Hvaru, sigurno \u0107ete u\u017eivati u moderno opremljenim apartmanima i \u010darobnom ambijentu uvale Dubovica. <strong>Dobro do\u0161li u vilu Benedeta!<\/strong><\/p>\n<!-- Social Ring Buttons Start --><div class=\"social-ring\">\n<div class=\"social-ring-button\"><fb:like href=\"https:\/\/www.hvar-dubovica.com\/hr\/lokacija\/\" showfaces=\"false\" layout=\"button_count\" action=\"like\"><\/fb:like><\/div>\n<div class=\"social-ring-button\"><a href=\"https:\/\/www.facebook.com\/sharer\/sharer.php?s=100&p[url]=https:\/\/www.hvar-dubovica.com\/hr\/lokacija\/\" target=\"_blank\"\n\t\t\t\t\t\t\tonclick=\"window.open('https:\/\/www.facebook.com\/sharer\/sharer.php?s=100&p[url]=https:\/\/www.hvar-dubovica.com\/hr\/lokacija\/', 'newwindow', 'width=600, height=450'); return false;\" >\n\t\t\t\t\t\t\t<img decoding=\"async\" style=\"display:block; background: none; padding: 0px; border:0px;\" src=\"https:\/\/www.hvar-dubovica.com\/wp-content\/plugins\/wordpress-social-ring\/includes\/..\/admin\/images\/sr-fb-share.png\" alt=\"Share\"\/>\n\t\t\t\t\t\t<\/a><\/div>\n<div class=\"social-ring-button\"><a rel=\"nofollow\" href=\"http:\/\/twitter.com\/share\" lang=\"en\" data-url=\"https:\/\/www.hvar-dubovica.com\/hr\/lokacija\/\" data-text=\"Kako doputovati\" data-count=\"horizontal\" class=\"sr-twitter-button twitter-share-button\"><\/a><\/div>\n<div class=\"social-ring-button\"><div class=\"g-plusone\" data-href=\"https:\/\/www.hvar-dubovica.com\/hr\/lokacija\/\" data-size=\"medium\" ><\/div><\/div>\n<div class=\"social-ring-button\"><a rel=\"nofollow\" href=\"http:\/\/pinterest.com\/pin\/create\/button\/?url=https%3A%2F%2Fwww.hvar-dubovica.com%2Fhr%2Flokacija%2F&media=https%3A%2F%2Fwww.hvar-dubovica.com%2Fwp-content%2Fuploads%2F2012%2F10%2Fdubovica-hvar-location.jpg&description=Kako+doputovati\" class=\"pin-it-button\"count-layout=\"horizontal\"><\/a><\/div>\n<\/div><!-- Social Ring Buttons End -->\n\n","protected":false},"excerpt":{"rendered":"<p>\u00a0Ako dolazite autom iz Starog Grada prema Hvaru, neposredno nakon tunela nalazi se pro\u0161irenje na lijevoj strani ceste na kojem se mo\u017eete parkirati. Odatle do pla\u017ee vodi mali strmi puteljak. Dobro do\u0161li u vilu&#8230;<\/p>\n","protected":false},"author":1,"featured_media":618,"parent":0,"menu_order":0,"comment_status":"closed","ping_status":"closed","template":"","meta":{"footnotes":""},"class_list":["post-798","page","type-page","status-publish","has-post-thumbnail","hentry"],"yoast_head":"<!-- This site is optimized with the Yoast SEO plugin v26.9 - https:\/\/yoast.com\/product\/yoast-seo-wordpress\/ -->\n<title>Kako do\u0107i do Dubovice | Villa Benedeta<\/title>\n<meta name=\"description\" content=\"Ako dolazite autom iz Starog Grada prema Hvaru, neposredno nakon tunela nalazi se pro\u0161irenje na lijevoj strani ceste na kojem se mo\u017eete parkirati. Odatle do pla\u017ee vodi mali strmi puteljak.\" \/>\n<meta name=\"robots\" content=\"index, follow, max-snippet:-1, max-image-preview:large, max-video-preview:-1\" \/>\n<link rel=\"canonical\" href=\"https:\/\/www.hvar-dubovica.com\/hr\/lokacija\/\" \/>\n<meta property=\"og:locale\" content=\"hr_HR\" \/>\n<meta property=\"og:type\" content=\"article\" \/>\n<meta property=\"og:title\" content=\"Kako do\u0107i do Dubovice | Villa Benedeta\" \/>\n<meta property=\"og:description\" content=\"Ako dolazite autom iz Starog Grada prema Hvaru, neposredno nakon tunela nalazi se pro\u0161irenje na lijevoj strani ceste na kojem se mo\u017eete parkirati. Odatle do pla\u017ee vodi mali strmi puteljak.\" \/>\n<meta property=\"og:url\" content=\"https:\/\/www.hvar-dubovica.com\/hr\/lokacija\/\" \/>\n<meta property=\"article:modified_time\" content=\"2013-01-27T09:10:52+00:00\" \/>\n<meta property=\"og:image\" content=\"https:\/\/www.hvar-dubovica.com\/wp-content\/uploads\/2012\/10\/dubovica-hvar-location.jpg\" \/>\n\t<meta property=\"og:image:width\" content=\"500\" \/>\n\t<meta property=\"og:image:height\" content=\"250\" \/>\n\t<meta property=\"og:image:type\" content=\"image\/jpeg\" \/>\n<script type=\"application\/ld+json\" class=\"yoast-schema-graph\">{\"@context\":\"https:\/\/schema.org\",\"@graph\":[{\"@type\":\"WebPage\",\"@id\":\"https:\/\/www.hvar-dubovica.com\/hr\/lokacija\/\",\"url\":\"https:\/\/www.hvar-dubovica.com\/hr\/lokacija\/\",\"name\":\"Kako do\u0107i do Dubovice | Villa Benedeta\",\"isPartOf\":{\"@id\":\"https:\/\/www.hvar-dubovica.com\/#website\"},\"primaryImageOfPage\":{\"@id\":\"https:\/\/www.hvar-dubovica.com\/hr\/lokacija\/#primaryimage\"},\"image\":{\"@id\":\"https:\/\/www.hvar-dubovica.com\/hr\/lokacija\/#primaryimage\"},\"thumbnailUrl\":\"https:\/\/www.hvar-dubovica.com\/wp-content\/uploads\/2012\/10\/dubovica-hvar-location.jpg\",\"datePublished\":\"2012-10-25T13:42:11+00:00\",\"dateModified\":\"2013-01-27T09:10:52+00:00\",\"description\":\"Ako dolazite autom iz Starog Grada prema Hvaru, neposredno nakon tunela nalazi se pro\u0161irenje na lijevoj strani ceste na kojem se mo\u017eete parkirati. Odatle do pla\u017ee vodi mali strmi puteljak.\",\"breadcrumb\":{\"@id\":\"https:\/\/www.hvar-dubovica.com\/hr\/lokacija\/#breadcrumb\"},\"inLanguage\":\"hr\",\"potentialAction\":[{\"@type\":\"ReadAction\",\"target\":[\"https:\/\/www.hvar-dubovica.com\/hr\/lokacija\/\"]}]},{\"@type\":\"ImageObject\",\"inLanguage\":\"hr\",\"@id\":\"https:\/\/www.hvar-dubovica.com\/hr\/lokacija\/#primaryimage\",\"url\":\"https:\/\/www.hvar-dubovica.com\/wp-content\/uploads\/2012\/10\/dubovica-hvar-location.jpg\",\"contentUrl\":\"https:\/\/www.hvar-dubovica.com\/wp-content\/uploads\/2012\/10\/dubovica-hvar-location.jpg\",\"width\":\"500\",\"height\":\"250\"},{\"@type\":\"BreadcrumbList\",\"@id\":\"https:\/\/www.hvar-dubovica.com\/hr\/lokacija\/#breadcrumb\",\"itemListElement\":[{\"@type\":\"ListItem\",\"position\":1,\"name\":\"Home\",\"item\":\"https:\/\/www.hvar-dubovica.com\/hr\/\"},{\"@type\":\"ListItem\",\"position\":2,\"name\":\"Kako doputovati\"}]},{\"@type\":\"WebSite\",\"@id\":\"https:\/\/www.hvar-dubovica.com\/#website\",\"url\":\"https:\/\/www.hvar-dubovica.com\/\",\"name\":\"\",\"description\":\"Villa Kolumbi\u0107, Dubovica Island Hvar\",\"potentialAction\":[{\"@type\":\"SearchAction\",\"target\":{\"@type\":\"EntryPoint\",\"urlTemplate\":\"https:\/\/www.hvar-dubovica.com\/?s={search_term_string}\"},\"query-input\":{\"@type\":\"PropertyValueSpecification\",\"valueRequired\":true,\"valueName\":\"search_term_string\"}}],\"inLanguage\":\"hr\"}]}<\/script>\n<!-- \/ Yoast SEO plugin. -->","yoast_head_json":{"title":"Kako do\u0107i do Dubovice | Villa Benedeta","description":"Ako dolazite autom iz Starog Grada prema Hvaru, neposredno nakon tunela nalazi se pro\u0161irenje na lijevoj strani ceste na kojem se mo\u017eete parkirati. Odatle do pla\u017ee vodi mali strmi puteljak.","robots":{"index":"index","follow":"follow","max-snippet":"max-snippet:-1","max-image-preview":"max-image-preview:large","max-video-preview":"max-video-preview:-1"},"canonical":"https:\/\/www.hvar-dubovica.com\/hr\/lokacija\/","og_locale":"hr_HR","og_type":"article","og_title":"Kako do\u0107i do Dubovice | Villa Benedeta","og_description":"Ako dolazite autom iz Starog Grada prema Hvaru, neposredno nakon tunela nalazi se pro\u0161irenje na lijevoj strani ceste na kojem se mo\u017eete parkirati. Odatle do pla\u017ee vodi mali strmi puteljak.","og_url":"https:\/\/www.hvar-dubovica.com\/hr\/lokacija\/","article_modified_time":"2013-01-27T09:10:52+00:00","og_image":[{"width":500,"height":250,"url":"https:\/\/www.hvar-dubovica.com\/wp-content\/uploads\/2012\/10\/dubovica-hvar-location.jpg","type":"image\/jpeg"}],"schema":{"@context":"https:\/\/schema.org","@graph":[{"@type":"WebPage","@id":"https:\/\/www.hvar-dubovica.com\/hr\/lokacija\/","url":"https:\/\/www.hvar-dubovica.com\/hr\/lokacija\/","name":"Kako do\u0107i do Dubovice | Villa Benedeta","isPartOf":{"@id":"https:\/\/www.hvar-dubovica.com\/#website"},"primaryImageOfPage":{"@id":"https:\/\/www.hvar-dubovica.com\/hr\/lokacija\/#primaryimage"},"image":{"@id":"https:\/\/www.hvar-dubovica.com\/hr\/lokacija\/#primaryimage"},"thumbnailUrl":"https:\/\/www.hvar-dubovica.com\/wp-content\/uploads\/2012\/10\/dubovica-hvar-location.jpg","datePublished":"2012-10-25T13:42:11+00:00","dateModified":"2013-01-27T09:10:52+00:00","description":"Ako dolazite autom iz Starog Grada prema Hvaru, neposredno nakon tunela nalazi se pro\u0161irenje na lijevoj strani ceste na kojem se mo\u017eete parkirati. Odatle do pla\u017ee vodi mali strmi puteljak.","breadcrumb":{"@id":"https:\/\/www.hvar-dubovica.com\/hr\/lokacija\/#breadcrumb"},"inLanguage":"hr","potentialAction":[{"@type":"ReadAction","target":["https:\/\/www.hvar-dubovica.com\/hr\/lokacija\/"]}]},{"@type":"ImageObject","inLanguage":"hr","@id":"https:\/\/www.hvar-dubovica.com\/hr\/lokacija\/#primaryimage","url":"https:\/\/www.hvar-dubovica.com\/wp-content\/uploads\/2012\/10\/dubovica-hvar-location.jpg","contentUrl":"https:\/\/www.hvar-dubovica.com\/wp-content\/uploads\/2012\/10\/dubovica-hvar-location.jpg","width":"500","height":"250"},{"@type":"BreadcrumbList","@id":"https:\/\/www.hvar-dubovica.com\/hr\/lokacija\/#breadcrumb","itemListElement":[{"@type":"ListItem","position":1,"name":"Home","item":"https:\/\/www.hvar-dubovica.com\/hr\/"},{"@type":"ListItem","position":2,"name":"Kako doputovati"}]},{"@type":"WebSite","@id":"https:\/\/www.hvar-dubovica.com\/#website","url":"https:\/\/www.hvar-dubovica.com\/","name":"","description":"Villa Kolumbi\u0107, Dubovica Island Hvar","potentialAction":[{"@type":"SearchAction","target":{"@type":"EntryPoint","urlTemplate":"https:\/\/www.hvar-dubovica.com\/?s={search_term_string}"},"query-input":{"@type":"PropertyValueSpecification","valueRequired":true,"valueName":"search_term_string"}}],"inLanguage":"hr"}]}},"_links":{"self":[{"href":"https:\/\/www.hvar-dubovica.com\/hr\/wp-json\/wp\/v2\/pages\/798","targetHints":{"allow":["GET"]}}],"collection":[{"href":"https:\/\/www.hvar-dubovica.com\/hr\/wp-json\/wp\/v2\/pages"}],"about":[{"href":"https:\/\/www.hvar-dubovica.com\/hr\/wp-json\/wp\/v2\/types\/page"}],"author":[{"embeddable":true,"href":"https:\/\/www.hvar-dubovica.com\/hr\/wp-json\/wp\/v2\/users\/1"}],"replies":[{"embeddable":true,"href":"https:\/\/www.hvar-dubovica.com\/hr\/wp-json\/wp\/v2\/comments?post=798"}],"version-history":[{"count":9,"href":"https:\/\/www.hvar-dubovica.com\/hr\/wp-json\/wp\/v2\/pages\/798\/revisions"}],"predecessor-version":[{"id":799,"href":"https:\/\/www.hvar-dubovica.com\/hr\/wp-json\/wp\/v2\/pages\/798\/revisions\/799"}],"wp:featuredmedia":[{"embeddable":true,"href":"https:\/\/www.hvar-dubovica.com\/hr\/wp-json\/wp\/v2\/media\/618"}],"wp:attachment":[{"href":"https:\/\/www.hvar-dubovica.com\/hr\/wp-json\/wp\/v2\/media?parent=798"}],"curies":[{"name":"wp","href":"https:\/\/api.w.org\/{rel}","templated":true}]}}