{"id":811,"date":"2013-01-11T21:15:00","date_gmt":"2013-01-11T20:15:00","guid":{"rendered":"http:\/\/www.hvar-dubovica.com\/island-hvar-2\/"},"modified":"2019-02-06T17:43:43","modified_gmt":"2019-02-06T16:43:43","slug":"otok-hvar","status":"publish","type":"page","link":"https:\/\/www.hvar-dubovica.com\/hr\/otok-hvar\/","title":{"rendered":"Otok Hvar"},"content":{"rendered":"<p><iframe loading=\"lazy\" src=\"https:\/\/www.youtube.com\/embed\/9k4fQTeMMI0\" width=\"640\" height=\"390\" frameborder=\"0\"><\/iframe>Otok Hvar nalazi se me\u0111u najpopularnijim turisti\u010dkim destinacijama u Hrvatskoj. S izuzetno blagom klimom i najve\u0107im prosjekom sun\u010danih dana u Europi, poznat je po uzgoju vinove loze, maslina, smokava, badema i posebno lavande. Uzgoj lavande i proizvodnja lavandinog ulja donedavno su bile osnovne djelatnosti otoka, a i danas, u mjesecima cvatnje, lavandin cvijet poput tepiha prekriva oto\u010dka polja.<a href=\"https:\/\/www.hvar-dubovica.com\/wp-content\/uploads\/2013\/01\/Villa-Benedeta-Island-Hvar-001.jpg\" rel=\"fancybox[811]\"><img loading=\"lazy\" decoding=\"async\" class=\"alignnone  wp-image-543\" title=\"Otok Hvar i Pakleni otoci iz Zraka\" src=\"https:\/\/www.hvar-dubovica.com\/wp-content\/uploads\/2013\/01\/Villa-Benedeta-Island-Hvar-001.jpg\" alt=\"Otok Hvar i Pakleni otoci iz Zraka\" width=\"630\" height=\"380\" srcset=\"https:\/\/www.hvar-dubovica.com\/wp-content\/uploads\/2013\/01\/Villa-Benedeta-Island-Hvar-001.jpg 1050w, https:\/\/www.hvar-dubovica.com\/wp-content\/uploads\/2013\/01\/Villa-Benedeta-Island-Hvar-001-300x181.jpg 300w, https:\/\/www.hvar-dubovica.com\/wp-content\/uploads\/2013\/01\/Villa-Benedeta-Island-Hvar-001-1024x618.jpg 1024w\" sizes=\"auto, (max-width: 630px) 100vw, 630px\" \/><\/a><a href=\"https:\/\/www.hvar-dubovica.com\/wp-content\/uploads\/2013\/01\/Villa-Benedeta-Island-Hvar-003.jpg\" rel=\"fancybox[811]\"><img loading=\"lazy\" decoding=\"async\" class=\"alignnone  wp-image-547\" title=\"Sveta Nedjelja na otoku Hvaru\" src=\"https:\/\/www.hvar-dubovica.com\/wp-content\/uploads\/2013\/01\/Villa-Benedeta-Island-Hvar-003.jpg\" alt=\"Sveta Nedjelja na otoku Hvaru\" width=\"630\" height=\"380\" srcset=\"https:\/\/www.hvar-dubovica.com\/wp-content\/uploads\/2013\/01\/Villa-Benedeta-Island-Hvar-003.jpg 1050w, https:\/\/www.hvar-dubovica.com\/wp-content\/uploads\/2013\/01\/Villa-Benedeta-Island-Hvar-003-300x181.jpg 300w, https:\/\/www.hvar-dubovica.com\/wp-content\/uploads\/2013\/01\/Villa-Benedeta-Island-Hvar-003-1024x618.jpg 1024w\" sizes=\"auto, (max-width: 630px) 100vw, 630px\" \/><\/a><a href=\"https:\/\/www.hvar-dubovica.com\/wp-content\/uploads\/2013\/01\/Villa-Benedeta-Island-Hvar-002.jpg\" rel=\"fancybox[811]\"><img loading=\"lazy\" decoding=\"async\" class=\"alignnone  wp-image-550\" title=\"Otok Hvar - Crvene stijene\" src=\"https:\/\/www.hvar-dubovica.com\/wp-content\/uploads\/2013\/01\/Villa-Benedeta-Island-Hvar-002.jpg\" alt=\"Otok Hvar - Crvene stijene\" width=\"630\" height=\"380\" srcset=\"https:\/\/www.hvar-dubovica.com\/wp-content\/uploads\/2013\/01\/Villa-Benedeta-Island-Hvar-002.jpg 1050w, https:\/\/www.hvar-dubovica.com\/wp-content\/uploads\/2013\/01\/Villa-Benedeta-Island-Hvar-002-300x181.jpg 300w, https:\/\/www.hvar-dubovica.com\/wp-content\/uploads\/2013\/01\/Villa-Benedeta-Island-Hvar-002-1024x618.jpg 1024w\" sizes=\"auto, (max-width: 630px) 100vw, 630px\" \/><\/a>Osim poljima lavande otok je prekriven i vinogradima. Ju\u017ene padine otoka obiluju suhim i sun\u010danim danima, zbog \u010dega nije potrebno tretirati lozu protiv nametnika, pa daju najkvalitetnija crna vina me\u0111u kojima je najpoznatiji plavac.<a href=\"https:\/\/www.hvar-dubovica.com\/wp-content\/uploads\/2013\/01\/Island-Hvar-005.jpg\" rel=\"fancybox[811]\"><img loading=\"lazy\" decoding=\"async\" class=\"alignnone  wp-image-554\" title=\"Vinogradi na otoku Hvaru\" src=\"https:\/\/www.hvar-dubovica.com\/wp-content\/uploads\/2013\/01\/Island-Hvar-005.jpg\" alt=\"Vinogradi na otoku Hvaru\" width=\"630\" height=\"380\" srcset=\"https:\/\/www.hvar-dubovica.com\/wp-content\/uploads\/2013\/01\/Island-Hvar-005.jpg 1050w, https:\/\/www.hvar-dubovica.com\/wp-content\/uploads\/2013\/01\/Island-Hvar-005-300x181.jpg 300w, https:\/\/www.hvar-dubovica.com\/wp-content\/uploads\/2013\/01\/Island-Hvar-005-1024x618.jpg 1024w\" sizes=\"auto, (max-width: 630px) 100vw, 630px\" \/><\/a>More photos: <a title=\"Dubovica photo gallery\" href=\"https:\/\/www.hvar-dubovica.com\/photo-gallery\/\">Photo gallery<\/a> <!-- Social Ring Buttons Start --><div class=\"social-ring\">\n<div class=\"social-ring-button\"><fb:like href=\"https:\/\/www.hvar-dubovica.com\/hr\/otok-hvar\/\" showfaces=\"false\" layout=\"button_count\" action=\"like\"><\/fb:like><\/div>\n<div class=\"social-ring-button\"><a href=\"https:\/\/www.facebook.com\/sharer\/sharer.php?s=100&p[url]=https:\/\/www.hvar-dubovica.com\/hr\/otok-hvar\/\" target=\"_blank\"\n\t\t\t\t\t\t\tonclick=\"window.open('https:\/\/www.facebook.com\/sharer\/sharer.php?s=100&p[url]=https:\/\/www.hvar-dubovica.com\/hr\/otok-hvar\/', 'newwindow', 'width=600, height=450'); return false;\" >\n\t\t\t\t\t\t\t<img decoding=\"async\" style=\"display:block; background: none; padding: 0px; border:0px;\" src=\"https:\/\/www.hvar-dubovica.com\/wp-content\/plugins\/wordpress-social-ring\/includes\/..\/admin\/images\/sr-fb-share.png\" alt=\"Share\"\/>\n\t\t\t\t\t\t<\/a><\/div>\n<div class=\"social-ring-button\"><a rel=\"nofollow\" href=\"http:\/\/twitter.com\/share\" lang=\"en\" data-url=\"https:\/\/www.hvar-dubovica.com\/hr\/otok-hvar\/\" data-text=\"Otok Hvar\" data-count=\"horizontal\" class=\"sr-twitter-button twitter-share-button\"><\/a><\/div>\n<div class=\"social-ring-button\"><div class=\"g-plusone\" data-href=\"https:\/\/www.hvar-dubovica.com\/hr\/otok-hvar\/\" data-size=\"medium\" ><\/div><\/div>\n<div class=\"social-ring-button\"><a rel=\"nofollow\" href=\"http:\/\/pinterest.com\/pin\/create\/button\/?url=https%3A%2F%2Fwww.hvar-dubovica.com%2Fhr%2Fotok-hvar%2F&media=https%3A%2F%2Fwww.hvar-dubovica.com%2Fwp-content%2Fuploads%2F2013%2F01%2FVilla-Benedeta-Island-Hvar-001.jpg&description=Otok+Hvar\" class=\"pin-it-button\"count-layout=\"horizontal\"><\/a><\/div>\n<\/div><!-- Social Ring Buttons End -->\n<\/p>\n","protected":false},"excerpt":{"rendered":"<p>Otok Hvar nalazi se me\u0111u najpopularnijim turisti\u010dkim destinacijama u Hrvatskoj. S izuzetno blagom klimom i najve\u0107im prosjekom sun\u010danih dana u Europi, poznat je po uzgoju vinove loze, maslina, smokava, badema i posebno lavande. Uzgoj&#8230;<\/p>\n","protected":false},"author":1,"featured_media":543,"parent":0,"menu_order":0,"comment_status":"closed","ping_status":"closed","template":"","meta":{"footnotes":""},"class_list":["post-811","page","type-page","status-publish","has-post-thumbnail","hentry"],"yoast_head":"<!-- This site is optimized with the Yoast SEO plugin v26.9 - https:\/\/yoast.com\/product\/yoast-seo-wordpress\/ -->\n<title>Villa Benedeta, Dubovica | Otkrijte otok Hvar<\/title>\n<meta name=\"description\" content=\"Otkrijte otok Hvar jedan od 10 najljep\u0161ih otoka na svijetu. \u010citava obala otoka Hvara je poznata po predivnim pla\u017eama koje su prekrivene glatkim bijelim oblucima.\" \/>\n<meta name=\"robots\" content=\"index, follow, max-snippet:-1, max-image-preview:large, max-video-preview:-1\" \/>\n<link rel=\"canonical\" href=\"https:\/\/www.hvar-dubovica.com\/hr\/otok-hvar\/\" \/>\n<meta property=\"og:locale\" content=\"hr_HR\" \/>\n<meta property=\"og:type\" content=\"article\" \/>\n<meta property=\"og:title\" content=\"Villa Benedeta, Dubovica | Otkrijte otok Hvar\" \/>\n<meta property=\"og:description\" content=\"Otkrijte otok Hvar jedan od 10 najljep\u0161ih otoka na svijetu. \u010citava obala otoka Hvara je poznata po predivnim pla\u017eama koje su prekrivene glatkim bijelim oblucima.\" \/>\n<meta property=\"og:url\" content=\"https:\/\/www.hvar-dubovica.com\/hr\/otok-hvar\/\" \/>\n<meta property=\"article:modified_time\" content=\"2019-02-06T16:43:43+00:00\" \/>\n<meta property=\"og:image\" content=\"https:\/\/www.hvar-dubovica.com\/wp-content\/uploads\/2013\/01\/Villa-Benedeta-Island-Hvar-001.jpg\" \/>\n\t<meta property=\"og:image:width\" content=\"1050\" \/>\n\t<meta property=\"og:image:height\" content=\"634\" \/>\n\t<meta property=\"og:image:type\" content=\"image\/jpeg\" \/>\n<meta name=\"twitter:label1\" content=\"Procijenjeno vrijeme \u010ditanja\" \/>\n\t<meta name=\"twitter:data1\" content=\"1 minute\" \/>\n<script type=\"application\/ld+json\" class=\"yoast-schema-graph\">{\"@context\":\"https:\/\/schema.org\",\"@graph\":[{\"@type\":\"WebPage\",\"@id\":\"https:\/\/www.hvar-dubovica.com\/hr\/otok-hvar\/\",\"url\":\"https:\/\/www.hvar-dubovica.com\/hr\/otok-hvar\/\",\"name\":\"Villa Benedeta, Dubovica | Otkrijte otok Hvar\",\"isPartOf\":{\"@id\":\"https:\/\/www.hvar-dubovica.com\/#website\"},\"primaryImageOfPage\":{\"@id\":\"https:\/\/www.hvar-dubovica.com\/hr\/otok-hvar\/#primaryimage\"},\"image\":{\"@id\":\"https:\/\/www.hvar-dubovica.com\/hr\/otok-hvar\/#primaryimage\"},\"thumbnailUrl\":\"https:\/\/www.hvar-dubovica.com\/wp-content\/uploads\/2013\/01\/Villa-Benedeta-Island-Hvar-001.jpg\",\"datePublished\":\"2013-01-11T20:15:00+00:00\",\"dateModified\":\"2019-02-06T16:43:43+00:00\",\"description\":\"Otkrijte otok Hvar jedan od 10 najljep\u0161ih otoka na svijetu. \u010citava obala otoka Hvara je poznata po predivnim pla\u017eama koje su prekrivene glatkim bijelim oblucima.\",\"breadcrumb\":{\"@id\":\"https:\/\/www.hvar-dubovica.com\/hr\/otok-hvar\/#breadcrumb\"},\"inLanguage\":\"hr\",\"potentialAction\":[{\"@type\":\"ReadAction\",\"target\":[\"https:\/\/www.hvar-dubovica.com\/hr\/otok-hvar\/\"]}]},{\"@type\":\"ImageObject\",\"inLanguage\":\"hr\",\"@id\":\"https:\/\/www.hvar-dubovica.com\/hr\/otok-hvar\/#primaryimage\",\"url\":\"https:\/\/www.hvar-dubovica.com\/wp-content\/uploads\/2013\/01\/Villa-Benedeta-Island-Hvar-001.jpg\",\"contentUrl\":\"https:\/\/www.hvar-dubovica.com\/wp-content\/uploads\/2013\/01\/Villa-Benedeta-Island-Hvar-001.jpg\",\"width\":\"1050\",\"height\":\"634\"},{\"@type\":\"BreadcrumbList\",\"@id\":\"https:\/\/www.hvar-dubovica.com\/hr\/otok-hvar\/#breadcrumb\",\"itemListElement\":[{\"@type\":\"ListItem\",\"position\":1,\"name\":\"Home\",\"item\":\"https:\/\/www.hvar-dubovica.com\/hr\/\"},{\"@type\":\"ListItem\",\"position\":2,\"name\":\"Otok Hvar\"}]},{\"@type\":\"WebSite\",\"@id\":\"https:\/\/www.hvar-dubovica.com\/#website\",\"url\":\"https:\/\/www.hvar-dubovica.com\/\",\"name\":\"\",\"description\":\"Villa Kolumbi\u0107, Dubovica Island Hvar\",\"potentialAction\":[{\"@type\":\"SearchAction\",\"target\":{\"@type\":\"EntryPoint\",\"urlTemplate\":\"https:\/\/www.hvar-dubovica.com\/?s={search_term_string}\"},\"query-input\":{\"@type\":\"PropertyValueSpecification\",\"valueRequired\":true,\"valueName\":\"search_term_string\"}}],\"inLanguage\":\"hr\"}]}<\/script>\n<!-- \/ Yoast SEO plugin. -->","yoast_head_json":{"title":"Villa Benedeta, Dubovica | Otkrijte otok Hvar","description":"Otkrijte otok Hvar jedan od 10 najljep\u0161ih otoka na svijetu. \u010citava obala otoka Hvara je poznata po predivnim pla\u017eama koje su prekrivene glatkim bijelim oblucima.","robots":{"index":"index","follow":"follow","max-snippet":"max-snippet:-1","max-image-preview":"max-image-preview:large","max-video-preview":"max-video-preview:-1"},"canonical":"https:\/\/www.hvar-dubovica.com\/hr\/otok-hvar\/","og_locale":"hr_HR","og_type":"article","og_title":"Villa Benedeta, Dubovica | Otkrijte otok Hvar","og_description":"Otkrijte otok Hvar jedan od 10 najljep\u0161ih otoka na svijetu. \u010citava obala otoka Hvara je poznata po predivnim pla\u017eama koje su prekrivene glatkim bijelim oblucima.","og_url":"https:\/\/www.hvar-dubovica.com\/hr\/otok-hvar\/","article_modified_time":"2019-02-06T16:43:43+00:00","og_image":[{"width":1050,"height":634,"url":"https:\/\/www.hvar-dubovica.com\/wp-content\/uploads\/2013\/01\/Villa-Benedeta-Island-Hvar-001.jpg","type":"image\/jpeg"}],"twitter_misc":{"Procijenjeno vrijeme \u010ditanja":"1 minute"},"schema":{"@context":"https:\/\/schema.org","@graph":[{"@type":"WebPage","@id":"https:\/\/www.hvar-dubovica.com\/hr\/otok-hvar\/","url":"https:\/\/www.hvar-dubovica.com\/hr\/otok-hvar\/","name":"Villa Benedeta, Dubovica | Otkrijte otok Hvar","isPartOf":{"@id":"https:\/\/www.hvar-dubovica.com\/#website"},"primaryImageOfPage":{"@id":"https:\/\/www.hvar-dubovica.com\/hr\/otok-hvar\/#primaryimage"},"image":{"@id":"https:\/\/www.hvar-dubovica.com\/hr\/otok-hvar\/#primaryimage"},"thumbnailUrl":"https:\/\/www.hvar-dubovica.com\/wp-content\/uploads\/2013\/01\/Villa-Benedeta-Island-Hvar-001.jpg","datePublished":"2013-01-11T20:15:00+00:00","dateModified":"2019-02-06T16:43:43+00:00","description":"Otkrijte otok Hvar jedan od 10 najljep\u0161ih otoka na svijetu. \u010citava obala otoka Hvara je poznata po predivnim pla\u017eama koje su prekrivene glatkim bijelim oblucima.","breadcrumb":{"@id":"https:\/\/www.hvar-dubovica.com\/hr\/otok-hvar\/#breadcrumb"},"inLanguage":"hr","potentialAction":[{"@type":"ReadAction","target":["https:\/\/www.hvar-dubovica.com\/hr\/otok-hvar\/"]}]},{"@type":"ImageObject","inLanguage":"hr","@id":"https:\/\/www.hvar-dubovica.com\/hr\/otok-hvar\/#primaryimage","url":"https:\/\/www.hvar-dubovica.com\/wp-content\/uploads\/2013\/01\/Villa-Benedeta-Island-Hvar-001.jpg","contentUrl":"https:\/\/www.hvar-dubovica.com\/wp-content\/uploads\/2013\/01\/Villa-Benedeta-Island-Hvar-001.jpg","width":"1050","height":"634"},{"@type":"BreadcrumbList","@id":"https:\/\/www.hvar-dubovica.com\/hr\/otok-hvar\/#breadcrumb","itemListElement":[{"@type":"ListItem","position":1,"name":"Home","item":"https:\/\/www.hvar-dubovica.com\/hr\/"},{"@type":"ListItem","position":2,"name":"Otok Hvar"}]},{"@type":"WebSite","@id":"https:\/\/www.hvar-dubovica.com\/#website","url":"https:\/\/www.hvar-dubovica.com\/","name":"","description":"Villa Kolumbi\u0107, Dubovica Island Hvar","potentialAction":[{"@type":"SearchAction","target":{"@type":"EntryPoint","urlTemplate":"https:\/\/www.hvar-dubovica.com\/?s={search_term_string}"},"query-input":{"@type":"PropertyValueSpecification","valueRequired":true,"valueName":"search_term_string"}}],"inLanguage":"hr"}]}},"_links":{"self":[{"href":"https:\/\/www.hvar-dubovica.com\/hr\/wp-json\/wp\/v2\/pages\/811","targetHints":{"allow":["GET"]}}],"collection":[{"href":"https:\/\/www.hvar-dubovica.com\/hr\/wp-json\/wp\/v2\/pages"}],"about":[{"href":"https:\/\/www.hvar-dubovica.com\/hr\/wp-json\/wp\/v2\/types\/page"}],"author":[{"embeddable":true,"href":"https:\/\/www.hvar-dubovica.com\/hr\/wp-json\/wp\/v2\/users\/1"}],"replies":[{"embeddable":true,"href":"https:\/\/www.hvar-dubovica.com\/hr\/wp-json\/wp\/v2\/comments?post=811"}],"version-history":[{"count":5,"href":"https:\/\/www.hvar-dubovica.com\/hr\/wp-json\/wp\/v2\/pages\/811\/revisions"}],"predecessor-version":[{"id":967,"href":"https:\/\/www.hvar-dubovica.com\/hr\/wp-json\/wp\/v2\/pages\/811\/revisions\/967"}],"wp:featuredmedia":[{"embeddable":true,"href":"https:\/\/www.hvar-dubovica.com\/hr\/wp-json\/wp\/v2\/media\/543"}],"wp:attachment":[{"href":"https:\/\/www.hvar-dubovica.com\/hr\/wp-json\/wp\/v2\/media?parent=811"}],"curies":[{"name":"wp","href":"https:\/\/api.w.org\/{rel}","templated":true}]}}