{"id":818,"date":"2013-01-12T09:39:20","date_gmt":"2013-01-12T08:39:20","guid":{"rendered":"http:\/\/www.hvar-dubovica.com\/villa-benedeta-2\/"},"modified":"2019-12-05T15:50:56","modified_gmt":"2019-12-05T14:50:56","slug":"villa-benedeta","status":"publish","type":"page","link":"https:\/\/www.hvar-dubovica.com\/hr\/villa-benedeta\/","title":{"rendered":"Villa Benedeta"},"content":{"rendered":"<p>Villa Benedeta je obiteljska ku\u0107a obitelji Kolumbi\u0107. Villa potje\u0107e iz 19. stolje\u010da a u posljednjih par godina izvr\u0161ena je potpuna rekonstrukcija i adaptacija tako da je ku\u0107a opremljena i prilago\u0111ena svim modernim zahtjevima i standardima. Villa Benedeta je udaljena svega 20 metara od mora i predivne pla\u017ee od kamenih oblutaka.<a href=\"https:\/\/www.hvar-dubovica.com\/wp-content\/uploads\/2019\/12\/VRJ06588.jpg\" rel=\"fancybox[818]\"><img loading=\"lazy\" decoding=\"async\" class=\"alignnone wp-image-998 size-full\" title=\"Villa Benedeta - Dubovica, Otok Hvar\" src=\"https:\/\/www.hvar-dubovica.com\/wp-content\/uploads\/2019\/12\/VRJ06588.jpg\" alt=\"\" width=\"1500\" height=\"1000\" srcset=\"https:\/\/www.hvar-dubovica.com\/wp-content\/uploads\/2019\/12\/VRJ06588.jpg 1500w, https:\/\/www.hvar-dubovica.com\/wp-content\/uploads\/2019\/12\/VRJ06588-300x200.jpg 300w, https:\/\/www.hvar-dubovica.com\/wp-content\/uploads\/2019\/12\/VRJ06588-1024x683.jpg 1024w, https:\/\/www.hvar-dubovica.com\/wp-content\/uploads\/2019\/12\/VRJ06588-768x512.jpg 768w\" sizes=\"auto, (max-width: 1500px) 100vw, 1500px\" \/><\/a><a href=\"https:\/\/www.hvar-dubovica.com\/wp-content\/uploads\/2013\/01\/villa-benedeta-dubovica-hvar-002.jpg\" rel=\"fancybox[818]\"><img loading=\"lazy\" decoding=\"async\" class=\"alignnone  wp-image-491\" title=\"Villa Benedeta - Dubovica, Otok Hvar - Lokacija\" src=\"https:\/\/www.hvar-dubovica.com\/wp-content\/uploads\/2013\/01\/villa-benedeta-dubovica-hvar-002.jpg\" alt=\"Villa Benedeta - Dubovica, Otok Hvar - Lokacija\" width=\"630\" height=\"380\" srcset=\"https:\/\/www.hvar-dubovica.com\/wp-content\/uploads\/2013\/01\/villa-benedeta-dubovica-hvar-002.jpg 1050w, https:\/\/www.hvar-dubovica.com\/wp-content\/uploads\/2013\/01\/villa-benedeta-dubovica-hvar-002-300x181.jpg 300w, https:\/\/www.hvar-dubovica.com\/wp-content\/uploads\/2013\/01\/villa-benedeta-dubovica-hvar-002-1024x618.jpg 1024w\" sizes=\"auto, (max-width: 630px) 100vw, 630px\" \/><\/a>Parkirali\u0161te za automobile se nalazi otprilike 300 metara od ku\u0107e do koje vodi puteljak kroz mirisnu Hvarsku vegetaciju s jedinstvenim pogledom na uvalu Dubovicu i pla\u017eu.<a href=\"https:\/\/www.hvar-dubovica.com\/wp-content\/uploads\/2019\/12\/DJI_1677.jpg\" rel=\"fancybox[818]\"><img loading=\"lazy\" decoding=\"async\" class=\"alignnone wp-image-1019 size-full\" title=\"Villa Benedeta - Dubovica, Otok Hvar\" src=\"https:\/\/www.hvar-dubovica.com\/wp-content\/uploads\/2019\/12\/DJI_1677.jpg\" alt=\"\" width=\"1500\" height=\"1000\" srcset=\"https:\/\/www.hvar-dubovica.com\/wp-content\/uploads\/2019\/12\/DJI_1677.jpg 1500w, https:\/\/www.hvar-dubovica.com\/wp-content\/uploads\/2019\/12\/DJI_1677-300x200.jpg 300w, https:\/\/www.hvar-dubovica.com\/wp-content\/uploads\/2019\/12\/DJI_1677-1024x683.jpg 1024w, https:\/\/www.hvar-dubovica.com\/wp-content\/uploads\/2019\/12\/DJI_1677-768x512.jpg 768w\" sizes=\"auto, (max-width: 1500px) 100vw, 1500px\" \/><\/a><a href=\"https:\/\/www.hvar-dubovica.com\/wp-content\/uploads\/2019\/12\/VRJ06565.jpg\" rel=\"fancybox[818]\"><img loading=\"lazy\" decoding=\"async\" class=\"alignnone wp-image-1008 size-full\" title=\"Villa Benedeta, Dubovica\" src=\"https:\/\/www.hvar-dubovica.com\/wp-content\/uploads\/2019\/12\/VRJ06565.jpg\" alt=\"\" width=\"1500\" height=\"1000\" srcset=\"https:\/\/www.hvar-dubovica.com\/wp-content\/uploads\/2019\/12\/VRJ06565.jpg 1500w, https:\/\/www.hvar-dubovica.com\/wp-content\/uploads\/2019\/12\/VRJ06565-300x200.jpg 300w, https:\/\/www.hvar-dubovica.com\/wp-content\/uploads\/2019\/12\/VRJ06565-1024x683.jpg 1024w, https:\/\/www.hvar-dubovica.com\/wp-content\/uploads\/2019\/12\/VRJ06565-768x512.jpg 768w\" sizes=\"auto, (max-width: 1500px) 100vw, 1500px\" \/><\/a><a href=\"https:\/\/www.hvar-dubovica.com\/wp-content\/uploads\/2019\/12\/VRJ06533.jpg\" rel=\"fancybox[818]\"><img loading=\"lazy\" decoding=\"async\" class=\"alignnone wp-image-1012 size-full\" title=\"Villa Benedeta - vinski podrum\" src=\"https:\/\/www.hvar-dubovica.com\/wp-content\/uploads\/2019\/12\/VRJ06533.jpg\" alt=\"\" width=\"1500\" height=\"1000\" srcset=\"https:\/\/www.hvar-dubovica.com\/wp-content\/uploads\/2019\/12\/VRJ06533.jpg 1500w, https:\/\/www.hvar-dubovica.com\/wp-content\/uploads\/2019\/12\/VRJ06533-300x200.jpg 300w, https:\/\/www.hvar-dubovica.com\/wp-content\/uploads\/2019\/12\/VRJ06533-1024x683.jpg 1024w, https:\/\/www.hvar-dubovica.com\/wp-content\/uploads\/2019\/12\/VRJ06533-768x512.jpg 768w\" sizes=\"auto, (max-width: 1500px) 100vw, 1500px\" \/><\/a><a href=\"https:\/\/www.hvar-dubovica.com\/wp-content\/uploads\/2019\/12\/VRJ06556.jpg\" rel=\"fancybox[818]\"><img loading=\"lazy\" decoding=\"async\" class=\"alignnone wp-image-1016 size-full\" title=\"Villa Benedeta - Otok Hvar, Dubovica\" src=\"https:\/\/www.hvar-dubovica.com\/wp-content\/uploads\/2019\/12\/VRJ06556.jpg\" alt=\"\" width=\"1500\" height=\"1000\" srcset=\"https:\/\/www.hvar-dubovica.com\/wp-content\/uploads\/2019\/12\/VRJ06556.jpg 1500w, https:\/\/www.hvar-dubovica.com\/wp-content\/uploads\/2019\/12\/VRJ06556-300x200.jpg 300w, https:\/\/www.hvar-dubovica.com\/wp-content\/uploads\/2019\/12\/VRJ06556-1024x683.jpg 1024w, https:\/\/www.hvar-dubovica.com\/wp-content\/uploads\/2019\/12\/VRJ06556-768x512.jpg 768w\" sizes=\"auto, (max-width: 1500px) 100vw, 1500px\" \/><\/a>Ako se odlu\u010dite svoj odmor provesti u Villi Benedeta zasigurno \u0107ete u\u017eivati u moderno opremljenim apartmanima i predivnom ambijentu koji pru\u017ea uvala Dubovica. Obitelj Kolumbi\u0107 njeguje tradiciju vinogradarstva tako da mo\u017eete u\u017eivati i u vinima ku\u0107ne vinoteke. <strong>Dobro do\u0161li u Villu Benedeta! <\/strong><a title=\"Villa Benedeta\" href=\"https:\/\/www.hvar-dubovica.com\/booking\/\"><!-- Social Ring Buttons Start --><div class=\"social-ring\">\n<div class=\"social-ring-button\"><fb:like href=\"https:\/\/www.hvar-dubovica.com\/hr\/villa-benedeta\/\" showfaces=\"false\" layout=\"button_count\" action=\"like\"><\/fb:like><\/div>\n<div class=\"social-ring-button\"><a href=\"https:\/\/www.facebook.com\/sharer\/sharer.php?s=100&p[url]=https:\/\/www.hvar-dubovica.com\/hr\/villa-benedeta\/\" target=\"_blank\"\n\t\t\t\t\t\t\tonclick=\"window.open('https:\/\/www.facebook.com\/sharer\/sharer.php?s=100&p[url]=https:\/\/www.hvar-dubovica.com\/hr\/villa-benedeta\/', 'newwindow', 'width=600, height=450'); return false;\" >\n\t\t\t\t\t\t\t<img decoding=\"async\" style=\"display:block; background: none; padding: 0px; border:0px;\" src=\"https:\/\/www.hvar-dubovica.com\/wp-content\/plugins\/wordpress-social-ring\/includes\/..\/admin\/images\/sr-fb-share.png\" alt=\"Share\"\/>\n\t\t\t\t\t\t<\/a><\/div>\n<div class=\"social-ring-button\"><a rel=\"nofollow\" href=\"http:\/\/twitter.com\/share\" lang=\"en\" data-url=\"https:\/\/www.hvar-dubovica.com\/hr\/villa-benedeta\/\" data-text=\"Villa Benedeta\" data-count=\"horizontal\" class=\"sr-twitter-button twitter-share-button\"><\/a><\/div>\n<div class=\"social-ring-button\"><div class=\"g-plusone\" data-href=\"https:\/\/www.hvar-dubovica.com\/hr\/villa-benedeta\/\" data-size=\"medium\" ><\/div><\/div>\n<div class=\"social-ring-button\"><a rel=\"nofollow\" href=\"http:\/\/pinterest.com\/pin\/create\/button\/?url=https%3A%2F%2Fwww.hvar-dubovica.com%2Fhr%2Fvilla-benedeta%2F&media=https%3A%2F%2Fwww.hvar-dubovica.com%2Fwp-content%2Fuploads%2F2019%2F12%2FDJI_1677.jpg&description=Villa+Benedeta\" class=\"pin-it-button\"count-layout=\"horizontal\"><\/a><\/div>\n<\/div><!-- Social Ring Buttons End -->\n<\/a><\/p>\n","protected":false},"excerpt":{"rendered":"<p>Villa Benedeta je obiteljska ku\u0107a obitelji Kolumbi\u0107. Villa potje\u0107e iz 19. stolje\u010da a u posljednjih par godina izvr\u0161ena je potpuna rekonstrukcija i adaptacija tako da je ku\u0107a opremljena i prilago\u0111ena svim modernim zahtjevima i&#8230;<\/p>\n","protected":false},"author":1,"featured_media":1019,"parent":0,"menu_order":0,"comment_status":"closed","ping_status":"closed","template":"","meta":{"footnotes":""},"class_list":["post-818","page","type-page","status-publish","has-post-thumbnail","hentry"],"yoast_head":"<!-- This site is optimized with the Yoast SEO plugin v26.9 - https:\/\/yoast.com\/product\/yoast-seo-wordpress\/ -->\n<title>Villa Benedeta, Dubovica | Island Hvar<\/title>\n<meta name=\"description\" content=\"If you decide to spend your vacation in Villa Benedeta, you will certainly enjoy modern apartments and wonderful ambience of Dubovica bay. Welcome to Villa Benedeta!\" \/>\n<meta name=\"robots\" content=\"index, follow, max-snippet:-1, max-image-preview:large, max-video-preview:-1\" \/>\n<link rel=\"canonical\" href=\"https:\/\/www.hvar-dubovica.com\/hr\/villa-benedeta\/\" \/>\n<meta property=\"og:locale\" content=\"hr_HR\" \/>\n<meta property=\"og:type\" content=\"article\" \/>\n<meta property=\"og:title\" content=\"Villa Benedeta, Dubovica | Island Hvar\" \/>\n<meta property=\"og:description\" content=\"If you decide to spend your vacation in Villa Benedeta, you will certainly enjoy modern apartments and wonderful ambience of Dubovica bay. Welcome to Villa Benedeta!\" \/>\n<meta property=\"og:url\" content=\"https:\/\/www.hvar-dubovica.com\/hr\/villa-benedeta\/\" \/>\n<meta property=\"article:modified_time\" content=\"2019-12-05T14:50:56+00:00\" \/>\n<meta property=\"og:image\" content=\"https:\/\/www.hvar-dubovica.com\/wp-content\/uploads\/2019\/12\/DJI_1677.jpg\" \/>\n\t<meta property=\"og:image:width\" content=\"1500\" \/>\n\t<meta property=\"og:image:height\" content=\"1000\" \/>\n\t<meta property=\"og:image:type\" content=\"image\/jpeg\" \/>\n<meta name=\"twitter:label1\" content=\"Procijenjeno vrijeme \u010ditanja\" \/>\n\t<meta name=\"twitter:data1\" content=\"1 minute\" \/>\n<script type=\"application\/ld+json\" class=\"yoast-schema-graph\">{\"@context\":\"https:\/\/schema.org\",\"@graph\":[{\"@type\":\"WebPage\",\"@id\":\"https:\/\/www.hvar-dubovica.com\/hr\/villa-benedeta\/\",\"url\":\"https:\/\/www.hvar-dubovica.com\/hr\/villa-benedeta\/\",\"name\":\"Villa Benedeta, Dubovica | Island Hvar\",\"isPartOf\":{\"@id\":\"https:\/\/www.hvar-dubovica.com\/#website\"},\"primaryImageOfPage\":{\"@id\":\"https:\/\/www.hvar-dubovica.com\/hr\/villa-benedeta\/#primaryimage\"},\"image\":{\"@id\":\"https:\/\/www.hvar-dubovica.com\/hr\/villa-benedeta\/#primaryimage\"},\"thumbnailUrl\":\"https:\/\/www.hvar-dubovica.com\/wp-content\/uploads\/2019\/12\/DJI_1677.jpg\",\"datePublished\":\"2013-01-12T08:39:20+00:00\",\"dateModified\":\"2019-12-05T14:50:56+00:00\",\"description\":\"If you decide to spend your vacation in Villa Benedeta, you will certainly enjoy modern apartments and wonderful ambience of Dubovica bay. Welcome to Villa Benedeta!\",\"breadcrumb\":{\"@id\":\"https:\/\/www.hvar-dubovica.com\/hr\/villa-benedeta\/#breadcrumb\"},\"inLanguage\":\"hr\",\"potentialAction\":[{\"@type\":\"ReadAction\",\"target\":[\"https:\/\/www.hvar-dubovica.com\/hr\/villa-benedeta\/\"]}]},{\"@type\":\"ImageObject\",\"inLanguage\":\"hr\",\"@id\":\"https:\/\/www.hvar-dubovica.com\/hr\/villa-benedeta\/#primaryimage\",\"url\":\"https:\/\/www.hvar-dubovica.com\/wp-content\/uploads\/2019\/12\/DJI_1677.jpg\",\"contentUrl\":\"https:\/\/www.hvar-dubovica.com\/wp-content\/uploads\/2019\/12\/DJI_1677.jpg\",\"width\":1500,\"height\":1000},{\"@type\":\"BreadcrumbList\",\"@id\":\"https:\/\/www.hvar-dubovica.com\/hr\/villa-benedeta\/#breadcrumb\",\"itemListElement\":[{\"@type\":\"ListItem\",\"position\":1,\"name\":\"Home\",\"item\":\"https:\/\/www.hvar-dubovica.com\/hr\/\"},{\"@type\":\"ListItem\",\"position\":2,\"name\":\"Villa Benedeta\"}]},{\"@type\":\"WebSite\",\"@id\":\"https:\/\/www.hvar-dubovica.com\/#website\",\"url\":\"https:\/\/www.hvar-dubovica.com\/\",\"name\":\"\",\"description\":\"Villa Kolumbi\u0107, Dubovica Island Hvar\",\"potentialAction\":[{\"@type\":\"SearchAction\",\"target\":{\"@type\":\"EntryPoint\",\"urlTemplate\":\"https:\/\/www.hvar-dubovica.com\/?s={search_term_string}\"},\"query-input\":{\"@type\":\"PropertyValueSpecification\",\"valueRequired\":true,\"valueName\":\"search_term_string\"}}],\"inLanguage\":\"hr\"}]}<\/script>\n<!-- \/ Yoast SEO plugin. -->","yoast_head_json":{"title":"Villa Benedeta, Dubovica | Island Hvar","description":"If you decide to spend your vacation in Villa Benedeta, you will certainly enjoy modern apartments and wonderful ambience of Dubovica bay. Welcome to Villa Benedeta!","robots":{"index":"index","follow":"follow","max-snippet":"max-snippet:-1","max-image-preview":"max-image-preview:large","max-video-preview":"max-video-preview:-1"},"canonical":"https:\/\/www.hvar-dubovica.com\/hr\/villa-benedeta\/","og_locale":"hr_HR","og_type":"article","og_title":"Villa Benedeta, Dubovica | Island Hvar","og_description":"If you decide to spend your vacation in Villa Benedeta, you will certainly enjoy modern apartments and wonderful ambience of Dubovica bay. Welcome to Villa Benedeta!","og_url":"https:\/\/www.hvar-dubovica.com\/hr\/villa-benedeta\/","article_modified_time":"2019-12-05T14:50:56+00:00","og_image":[{"width":1500,"height":1000,"url":"https:\/\/www.hvar-dubovica.com\/wp-content\/uploads\/2019\/12\/DJI_1677.jpg","type":"image\/jpeg"}],"twitter_misc":{"Procijenjeno vrijeme \u010ditanja":"1 minute"},"schema":{"@context":"https:\/\/schema.org","@graph":[{"@type":"WebPage","@id":"https:\/\/www.hvar-dubovica.com\/hr\/villa-benedeta\/","url":"https:\/\/www.hvar-dubovica.com\/hr\/villa-benedeta\/","name":"Villa Benedeta, Dubovica | Island Hvar","isPartOf":{"@id":"https:\/\/www.hvar-dubovica.com\/#website"},"primaryImageOfPage":{"@id":"https:\/\/www.hvar-dubovica.com\/hr\/villa-benedeta\/#primaryimage"},"image":{"@id":"https:\/\/www.hvar-dubovica.com\/hr\/villa-benedeta\/#primaryimage"},"thumbnailUrl":"https:\/\/www.hvar-dubovica.com\/wp-content\/uploads\/2019\/12\/DJI_1677.jpg","datePublished":"2013-01-12T08:39:20+00:00","dateModified":"2019-12-05T14:50:56+00:00","description":"If you decide to spend your vacation in Villa Benedeta, you will certainly enjoy modern apartments and wonderful ambience of Dubovica bay. Welcome to Villa Benedeta!","breadcrumb":{"@id":"https:\/\/www.hvar-dubovica.com\/hr\/villa-benedeta\/#breadcrumb"},"inLanguage":"hr","potentialAction":[{"@type":"ReadAction","target":["https:\/\/www.hvar-dubovica.com\/hr\/villa-benedeta\/"]}]},{"@type":"ImageObject","inLanguage":"hr","@id":"https:\/\/www.hvar-dubovica.com\/hr\/villa-benedeta\/#primaryimage","url":"https:\/\/www.hvar-dubovica.com\/wp-content\/uploads\/2019\/12\/DJI_1677.jpg","contentUrl":"https:\/\/www.hvar-dubovica.com\/wp-content\/uploads\/2019\/12\/DJI_1677.jpg","width":1500,"height":1000},{"@type":"BreadcrumbList","@id":"https:\/\/www.hvar-dubovica.com\/hr\/villa-benedeta\/#breadcrumb","itemListElement":[{"@type":"ListItem","position":1,"name":"Home","item":"https:\/\/www.hvar-dubovica.com\/hr\/"},{"@type":"ListItem","position":2,"name":"Villa Benedeta"}]},{"@type":"WebSite","@id":"https:\/\/www.hvar-dubovica.com\/#website","url":"https:\/\/www.hvar-dubovica.com\/","name":"","description":"Villa Kolumbi\u0107, Dubovica Island Hvar","potentialAction":[{"@type":"SearchAction","target":{"@type":"EntryPoint","urlTemplate":"https:\/\/www.hvar-dubovica.com\/?s={search_term_string}"},"query-input":{"@type":"PropertyValueSpecification","valueRequired":true,"valueName":"search_term_string"}}],"inLanguage":"hr"}]}},"_links":{"self":[{"href":"https:\/\/www.hvar-dubovica.com\/hr\/wp-json\/wp\/v2\/pages\/818","targetHints":{"allow":["GET"]}}],"collection":[{"href":"https:\/\/www.hvar-dubovica.com\/hr\/wp-json\/wp\/v2\/pages"}],"about":[{"href":"https:\/\/www.hvar-dubovica.com\/hr\/wp-json\/wp\/v2\/types\/page"}],"author":[{"embeddable":true,"href":"https:\/\/www.hvar-dubovica.com\/hr\/wp-json\/wp\/v2\/users\/1"}],"replies":[{"embeddable":true,"href":"https:\/\/www.hvar-dubovica.com\/hr\/wp-json\/wp\/v2\/comments?post=818"}],"version-history":[{"count":5,"href":"https:\/\/www.hvar-dubovica.com\/hr\/wp-json\/wp\/v2\/pages\/818\/revisions"}],"predecessor-version":[{"id":1021,"href":"https:\/\/www.hvar-dubovica.com\/hr\/wp-json\/wp\/v2\/pages\/818\/revisions\/1021"}],"wp:featuredmedia":[{"embeddable":true,"href":"https:\/\/www.hvar-dubovica.com\/hr\/wp-json\/wp\/v2\/media\/1019"}],"wp:attachment":[{"href":"https:\/\/www.hvar-dubovica.com\/hr\/wp-json\/wp\/v2\/media?parent=818"}],"curies":[{"name":"wp","href":"https:\/\/api.w.org\/{rel}","templated":true}]}}