{"id":841,"date":"2013-01-11T21:25:58","date_gmt":"2013-01-11T20:25:58","guid":{"rendered":"http:\/\/www.hvar-dubovica.com\/photo-gallery-2\/"},"modified":"2013-01-20T14:17:55","modified_gmt":"2013-01-20T13:17:55","slug":"slike","status":"publish","type":"page","link":"https:\/\/www.hvar-dubovica.com\/hr\/slike\/","title":{"rendered":"Foto galerija"},"content":{"rendered":"<p>Otkrijte slikovitu uvalu Dubovicu na ju\u017enom dijelu otoka Hvara izme\u0111u grada Hvara i Starog Grada. Predivna pla\u017ea u obliku polumjeseca duga\u010dka 150 metara prekrivena je finim \u0161ljun\u010danim \u017ealom. More je kristalno \u010disto i te\u0161ko da \u0107ete odoliti a da se odmah ne okupate i zaplivate.<\/p>\n","protected":false},"excerpt":{"rendered":"<p>Otkrijte slikovitu uvalu Dubovicu na ju\u017enom dijelu otoka Hvara izme\u0111u grada Hvara i Starog Grada. Predivna pla\u017ea u obliku polumjeseca duga\u010dka 150 metara prekrivena je finim \u0161ljun\u010danim \u017ealom. More je kristalno \u010disto i te\u0161ko&#8230;<\/p>\n","protected":false},"author":1,"featured_media":599,"parent":0,"menu_order":0,"comment_status":"open","ping_status":"open","template":"template-galleries-2cols.php","meta":{"footnotes":""},"class_list":["post-841","page","type-page","status-publish","has-post-thumbnail","hentry"],"yoast_head":"<!-- This site is optimized with the Yoast SEO plugin v26.9 - https:\/\/yoast.com\/product\/yoast-seo-wordpress\/ -->\n<title>Villa Benedeta - Dubovica, Otok Hvar | Foto galerija<\/title>\n<meta name=\"description\" content=\"Otkrijte slikovitu uvalu Dubovicu na ju\u017enom dijelu otoka Hvara izme\u0111u grada Hvara i Starog Grada. Predivna pla\u017ea u obliku polumjeseca duga\u010dka 150 metara prekrivena je finim \u0161ljun\u010danim \u017ealom.\" \/>\n<meta name=\"robots\" content=\"index, follow, max-snippet:-1, max-image-preview:large, max-video-preview:-1\" \/>\n<link rel=\"canonical\" href=\"https:\/\/www.hvar-dubovica.com\/hr\/slike\/\" \/>\n<meta property=\"og:locale\" content=\"hr_HR\" \/>\n<meta property=\"og:type\" content=\"article\" \/>\n<meta property=\"og:title\" content=\"Villa Benedeta - Dubovica, Otok Hvar | Foto galerija\" \/>\n<meta property=\"og:description\" content=\"Otkrijte slikovitu uvalu Dubovicu na ju\u017enom dijelu otoka Hvara izme\u0111u grada Hvara i Starog Grada. Predivna pla\u017ea u obliku polumjeseca duga\u010dka 150 metara prekrivena je finim \u0161ljun\u010danim \u017ealom.\" \/>\n<meta property=\"og:url\" content=\"https:\/\/www.hvar-dubovica.com\/hr\/slike\/\" \/>\n<meta property=\"article:modified_time\" content=\"2013-01-20T13:17:55+00:00\" \/>\n<meta property=\"og:image\" content=\"https:\/\/www.hvar-dubovica.com\/wp-content\/uploads\/2013\/01\/villa-benedeta-dubovica-feature.jpg\" \/>\n\t<meta property=\"og:image:width\" content=\"920\" \/>\n\t<meta property=\"og:image:height\" content=\"465\" \/>\n\t<meta property=\"og:image:type\" content=\"image\/jpeg\" \/>\n<script type=\"application\/ld+json\" class=\"yoast-schema-graph\">{\"@context\":\"https:\/\/schema.org\",\"@graph\":[{\"@type\":\"WebPage\",\"@id\":\"https:\/\/www.hvar-dubovica.com\/hr\/slike\/\",\"url\":\"https:\/\/www.hvar-dubovica.com\/hr\/slike\/\",\"name\":\"Villa Benedeta - Dubovica, Otok Hvar | Foto galerija\",\"isPartOf\":{\"@id\":\"https:\/\/www.hvar-dubovica.com\/#website\"},\"primaryImageOfPage\":{\"@id\":\"https:\/\/www.hvar-dubovica.com\/hr\/slike\/#primaryimage\"},\"image\":{\"@id\":\"https:\/\/www.hvar-dubovica.com\/hr\/slike\/#primaryimage\"},\"thumbnailUrl\":\"https:\/\/www.hvar-dubovica.com\/wp-content\/uploads\/2013\/01\/villa-benedeta-dubovica-feature.jpg\",\"datePublished\":\"2013-01-11T20:25:58+00:00\",\"dateModified\":\"2013-01-20T13:17:55+00:00\",\"description\":\"Otkrijte slikovitu uvalu Dubovicu na ju\u017enom dijelu otoka Hvara izme\u0111u grada Hvara i Starog Grada. Predivna pla\u017ea u obliku polumjeseca duga\u010dka 150 metara prekrivena je finim \u0161ljun\u010danim \u017ealom.\",\"breadcrumb\":{\"@id\":\"https:\/\/www.hvar-dubovica.com\/hr\/slike\/#breadcrumb\"},\"inLanguage\":\"hr\",\"potentialAction\":[{\"@type\":\"ReadAction\",\"target\":[\"https:\/\/www.hvar-dubovica.com\/hr\/slike\/\"]}]},{\"@type\":\"ImageObject\",\"inLanguage\":\"hr\",\"@id\":\"https:\/\/www.hvar-dubovica.com\/hr\/slike\/#primaryimage\",\"url\":\"https:\/\/www.hvar-dubovica.com\/wp-content\/uploads\/2013\/01\/villa-benedeta-dubovica-feature.jpg\",\"contentUrl\":\"https:\/\/www.hvar-dubovica.com\/wp-content\/uploads\/2013\/01\/villa-benedeta-dubovica-feature.jpg\",\"width\":\"920\",\"height\":\"465\"},{\"@type\":\"BreadcrumbList\",\"@id\":\"https:\/\/www.hvar-dubovica.com\/hr\/slike\/#breadcrumb\",\"itemListElement\":[{\"@type\":\"ListItem\",\"position\":1,\"name\":\"Home\",\"item\":\"https:\/\/www.hvar-dubovica.com\/hr\/\"},{\"@type\":\"ListItem\",\"position\":2,\"name\":\"Foto galerija\"}]},{\"@type\":\"WebSite\",\"@id\":\"https:\/\/www.hvar-dubovica.com\/#website\",\"url\":\"https:\/\/www.hvar-dubovica.com\/\",\"name\":\"\",\"description\":\"Villa Kolumbi\u0107, Dubovica Island Hvar\",\"potentialAction\":[{\"@type\":\"SearchAction\",\"target\":{\"@type\":\"EntryPoint\",\"urlTemplate\":\"https:\/\/www.hvar-dubovica.com\/?s={search_term_string}\"},\"query-input\":{\"@type\":\"PropertyValueSpecification\",\"valueRequired\":true,\"valueName\":\"search_term_string\"}}],\"inLanguage\":\"hr\"}]}<\/script>\n<!-- \/ Yoast SEO plugin. -->","yoast_head_json":{"title":"Villa Benedeta - Dubovica, Otok Hvar | Foto galerija","description":"Otkrijte slikovitu uvalu Dubovicu na ju\u017enom dijelu otoka Hvara izme\u0111u grada Hvara i Starog Grada. Predivna pla\u017ea u obliku polumjeseca duga\u010dka 150 metara prekrivena je finim \u0161ljun\u010danim \u017ealom.","robots":{"index":"index","follow":"follow","max-snippet":"max-snippet:-1","max-image-preview":"max-image-preview:large","max-video-preview":"max-video-preview:-1"},"canonical":"https:\/\/www.hvar-dubovica.com\/hr\/slike\/","og_locale":"hr_HR","og_type":"article","og_title":"Villa Benedeta - Dubovica, Otok Hvar | Foto galerija","og_description":"Otkrijte slikovitu uvalu Dubovicu na ju\u017enom dijelu otoka Hvara izme\u0111u grada Hvara i Starog Grada. Predivna pla\u017ea u obliku polumjeseca duga\u010dka 150 metara prekrivena je finim \u0161ljun\u010danim \u017ealom.","og_url":"https:\/\/www.hvar-dubovica.com\/hr\/slike\/","article_modified_time":"2013-01-20T13:17:55+00:00","og_image":[{"width":920,"height":465,"url":"https:\/\/www.hvar-dubovica.com\/wp-content\/uploads\/2013\/01\/villa-benedeta-dubovica-feature.jpg","type":"image\/jpeg"}],"schema":{"@context":"https:\/\/schema.org","@graph":[{"@type":"WebPage","@id":"https:\/\/www.hvar-dubovica.com\/hr\/slike\/","url":"https:\/\/www.hvar-dubovica.com\/hr\/slike\/","name":"Villa Benedeta - Dubovica, Otok Hvar | Foto galerija","isPartOf":{"@id":"https:\/\/www.hvar-dubovica.com\/#website"},"primaryImageOfPage":{"@id":"https:\/\/www.hvar-dubovica.com\/hr\/slike\/#primaryimage"},"image":{"@id":"https:\/\/www.hvar-dubovica.com\/hr\/slike\/#primaryimage"},"thumbnailUrl":"https:\/\/www.hvar-dubovica.com\/wp-content\/uploads\/2013\/01\/villa-benedeta-dubovica-feature.jpg","datePublished":"2013-01-11T20:25:58+00:00","dateModified":"2013-01-20T13:17:55+00:00","description":"Otkrijte slikovitu uvalu Dubovicu na ju\u017enom dijelu otoka Hvara izme\u0111u grada Hvara i Starog Grada. Predivna pla\u017ea u obliku polumjeseca duga\u010dka 150 metara prekrivena je finim \u0161ljun\u010danim \u017ealom.","breadcrumb":{"@id":"https:\/\/www.hvar-dubovica.com\/hr\/slike\/#breadcrumb"},"inLanguage":"hr","potentialAction":[{"@type":"ReadAction","target":["https:\/\/www.hvar-dubovica.com\/hr\/slike\/"]}]},{"@type":"ImageObject","inLanguage":"hr","@id":"https:\/\/www.hvar-dubovica.com\/hr\/slike\/#primaryimage","url":"https:\/\/www.hvar-dubovica.com\/wp-content\/uploads\/2013\/01\/villa-benedeta-dubovica-feature.jpg","contentUrl":"https:\/\/www.hvar-dubovica.com\/wp-content\/uploads\/2013\/01\/villa-benedeta-dubovica-feature.jpg","width":"920","height":"465"},{"@type":"BreadcrumbList","@id":"https:\/\/www.hvar-dubovica.com\/hr\/slike\/#breadcrumb","itemListElement":[{"@type":"ListItem","position":1,"name":"Home","item":"https:\/\/www.hvar-dubovica.com\/hr\/"},{"@type":"ListItem","position":2,"name":"Foto galerija"}]},{"@type":"WebSite","@id":"https:\/\/www.hvar-dubovica.com\/#website","url":"https:\/\/www.hvar-dubovica.com\/","name":"","description":"Villa Kolumbi\u0107, Dubovica Island Hvar","potentialAction":[{"@type":"SearchAction","target":{"@type":"EntryPoint","urlTemplate":"https:\/\/www.hvar-dubovica.com\/?s={search_term_string}"},"query-input":{"@type":"PropertyValueSpecification","valueRequired":true,"valueName":"search_term_string"}}],"inLanguage":"hr"}]}},"_links":{"self":[{"href":"https:\/\/www.hvar-dubovica.com\/hr\/wp-json\/wp\/v2\/pages\/841","targetHints":{"allow":["GET"]}}],"collection":[{"href":"https:\/\/www.hvar-dubovica.com\/hr\/wp-json\/wp\/v2\/pages"}],"about":[{"href":"https:\/\/www.hvar-dubovica.com\/hr\/wp-json\/wp\/v2\/types\/page"}],"author":[{"embeddable":true,"href":"https:\/\/www.hvar-dubovica.com\/hr\/wp-json\/wp\/v2\/users\/1"}],"replies":[{"embeddable":true,"href":"https:\/\/www.hvar-dubovica.com\/hr\/wp-json\/wp\/v2\/comments?post=841"}],"version-history":[{"count":2,"href":"https:\/\/www.hvar-dubovica.com\/hr\/wp-json\/wp\/v2\/pages\/841\/revisions"}],"predecessor-version":[{"id":842,"href":"https:\/\/www.hvar-dubovica.com\/hr\/wp-json\/wp\/v2\/pages\/841\/revisions\/842"}],"wp:featuredmedia":[{"embeddable":true,"href":"https:\/\/www.hvar-dubovica.com\/hr\/wp-json\/wp\/v2\/media\/599"}],"wp:attachment":[{"href":"https:\/\/www.hvar-dubovica.com\/hr\/wp-json\/wp\/v2\/media?parent=841"}],"curies":[{"name":"wp","href":"https:\/\/api.w.org\/{rel}","templated":true}]}}